{"id":473,"date":"2024-11-05T23:26:16","date_gmt":"2024-11-05T22:26:16","guid":{"rendered":"https:\/\/magnifi-science.com\/shop\/tonitence-n2\/"},"modified":"2026-04-13T06:33:31","modified_gmt":"2026-04-13T04:33:31","slug":"tonitence-n2","status":"publish","type":"product","link":"https:\/\/magnifi-science.com\/en\/shop\/tonitence-n2\/","title":{"rendered":"TONITENCE <span style=\"color: #2c9bb1;\">N\u00b02<\/span>"},"content":{"rendered":"[vc_row type=&#8221;in_container&#8221; full_screen_row_position=&#8221;middle&#8221; column_margin=&#8221;default&#8221; column_direction=&#8221;default&#8221; column_direction_tablet=&#8221;default&#8221; column_direction_phone=&#8221;default&#8221; scene_position=&#8221;center&#8221; text_color=&#8221;dark&#8221; text_align=&#8221;left&#8221; row_border_radius=&#8221;none&#8221; row_border_radius_applies=&#8221;bg&#8221; overflow=&#8221;visible&#8221; overlay_strength=&#8221;0.3&#8243; gradient_direction=&#8221;left_to_right&#8221; shape_divider_position=&#8221;bottom&#8221; bg_image_animation=&#8221;none&#8221;][vc_column column_padding=&#8221;no-extra-padding&#8221; column_padding_tablet=&#8221;inherit&#8221; column_padding_phone=&#8221;inherit&#8221; column_padding_position=&#8221;all&#8221; column_element_direction_desktop=&#8221;default&#8221; column_element_spacing=&#8221;default&#8221; desktop_text_alignment=&#8221;default&#8221; tablet_text_alignment=&#8221;default&#8221; phone_text_alignment=&#8221;default&#8221; background_color_opacity=&#8221;1&#8243; background_hover_color_opacity=&#8221;1&#8243; column_backdrop_filter=&#8221;none&#8221; column_shadow=&#8221;none&#8221; column_border_radius=&#8221;none&#8221; column_link_target=&#8221;_self&#8221; column_position=&#8221;default&#8221; gradient_direction=&#8221;left_to_right&#8221; overlay_strength=&#8221;0.3&#8243; width=&#8221;1\/1&#8243; tablet_width_inherit=&#8221;default&#8221; animation_type=&#8221;default&#8221; bg_image_animation=&#8221;none&#8221; border_type=&#8221;simple&#8221; column_border_width=&#8221;none&#8221; column_border_style=&#8221;solid&#8221;][toggles style=&#8221;minimal&#8221; accordion=&#8221;true&#8221; accordion_starting_functionality=&#8221;closed&#8221;][toggle color=&#8221;Accent-Color&#8221; heading_tag=&#8221;h4&#8243; heading_tag_functionality=&#8221;change_html_tag&#8221; title=&#8221;Learn more&#8221;][vc_column_text text_direction=&#8221;default&#8221;]\n<p class=\"p1\"><strong><span class=\"s1\">TONITENCE <\/span><span class=\"s2\" style=\"color: #029ab2;\">N\u00b02 <\/span><\/strong><span class=\"s1\">Cr\u00e8me Nuit Anti-Age &amp; Rel\u00e2chement Cutan\u00e9 stimulates the skin&#8217;s natural regeneration mechanisms, while reducing the visible signs of aging and skin slackening.<\/span><\/p>\n<p class=\"p1\"><span class=\"s1\">As soon as it is applied, this spectacularly effective treatment, with its high concentration of the natural active ingredient DRNB8, a powerful complex enriched with anti-oxidants, acts to reshape the shape of the face and activates the production of collagen fibres naturally produced by your skin.<\/span><\/p>\n<p class=\"p1\"><span class=\"s1\">At night, when skin is more receptive to treatments, this exceptional treatment boosts cellular memory to slow the signs of skin aging in just a few days, improving elasticity and visibly reducing fine lines and wrinkles. When you wake up, your skin is regenerated, firmed and visibly rejuvenated.<\/span><\/p>\n<p class=\"p1\"><strong><span class=\"s1\">TONITENCE <\/span><span class=\"s2\" style=\"color: #029ab2;\">N\u00b02 <\/span><\/strong><span class=\"s1\">Cr\u00e8me Nuit is the perfect answer for regenerated, toned, youthfully radiant skin, night after night.<\/span><\/p>\n[\/vc_column_text][\/toggle][toggle color=&#8221;Accent-Color&#8221; heading_tag=&#8221;h4&#8243; heading_tag_functionality=&#8221;change_html_tag&#8221; title=&#8221;How to use it&#8221;][vc_column_text text_direction=&#8221;default&#8221;]\n<p class=\"p1\"><span class=\"s1\"><strong>TONITENCE <span class=\"s2\" style=\"color: #029ab2;\">N\u00b02 <\/span><\/strong><\/span><span class=\"s1\">apply to all skin types every evening on <\/span><span class=\"s1\">clean, toned skin (face and neck) using upward circular movements.<\/span><\/p>\n<p class=\"p1\"><span class=\"s1\"><strong>PRECAUTION FOR USE<\/strong> :<br \/>\n<\/span><span class=\"s1\">Do not apply to the eye contour area <\/span><span class=\"s1\">and mobile eyelids.<\/span><\/p>\n[\/vc_column_text][\/toggle][toggle color=&#8221;Accent-Color&#8221; heading_tag=&#8221;h4&#8243; heading_tag_functionality=&#8221;change_html_tag&#8221; title=&#8221;The active ingredients&#8221;][vc_column_text text_direction=&#8221;default&#8221;]\n<p class=\"p1\"><b>The Complementary Vitamins of Our Active Ingredients:<\/b><\/p>\n<p class=\"p1\"><b>The Symbiosis of Actives: A Revolutionary Anti-Aging Approach<\/b><\/p>\n<p class=\"p1\">Our approach is based on a perfect synergy of natural actives and vitamins, carefully selected for their complementarity and optimal effectiveness. This unique symbiosis delivers visible results while respecting the skin&#8217;s natural balance.<\/p>\n<ul class=\"ul1\">\n<li class=\"li1\"><b>Quercetin<\/b> : A powerful antioxidant that protects cells from external aggressions.<\/li>\n<li class=\"li1\"><b>Vitamin C<\/b> : Stimulates collagen production, brightens the complexion, and combats free radicals.<\/li>\n<li class=\"li1\"><b>Vitamin A<\/b> : Regenerates skin cells and improves skin elasticity.<\/li>\n<li class=\"li1\"><b>Vitamin E<\/b> : Hydrates, protects, and strengthens the skin barrier through its antioxidant action.<\/li>\n<li class=\"li1\"><b>Vitamins B<\/b> (B6, B9) : Promote cellular renewal and skin regeneration.<\/li>\n<li class=\"li1\"><b>Ginsenosides<\/b> : Revitalize and provide an energizing effect.<\/li>\n<li class=\"li1\"><b>Catechins<\/b> : Protect against UV damage and fight premature aging.<\/li>\n<li class=\"li1\"><b>Polysaccharides<\/b> : Provide deep and lasting hydration while strengthening the skin barrier.<\/li>\n<\/ul>\n<p class=\"p1\"><b>A Perfect Alchemy<\/b><\/p>\n<p class=\"p1\">Each ingredient works in synergy to enhance the overall effectiveness of the formula. This concept of <b>active symbiosis<\/b> guarantees a comprehensive, natural anti-aging action while respecting the skin&#8217;s ecosystem.<\/p>\n<p class=\"p1\"><b>The symbiosis of actives: The promise of revitalized, radiant, and naturally preserved skin.<\/b><\/p>\n[\/vc_column_text][\/toggle][toggle color=&#8221;Accent-Color&#8221; heading_tag=&#8221;h4&#8243; heading_tag_functionality=&#8221;change_html_tag&#8221; title=&#8221;Ingredients&#8221;][vc_column_text text_direction=&#8221;default&#8221;]\n<p>Aqua (Water), Carthamus Tinctorius (Safflower) Seed Oil, Hydroxyethyl Acrylate\/Sodium Acryloyldimethyl Taurate Copolymer, Squalane, Glycereth-26, Allium Cepa (Onion) Bulb Extract, Allium Sativum (Garlic) Bulb Extract, Calcium Sodium Borosilicate, Cetearyl Dimethicone Crosspolymer, Vanillin, Citrus Aurantium Dulcis (Orange) Fruit Extract, Helianthus Annuus (Sunflower) Seed Oil, Panax Ginseng Root Extract, Pyrus Malus (Apple) Fruit Extract, Polysorbate 60, Propylene Glycol, Sorbitan Isostearate, Alcohol, Dimethicone, Parfum (Fragrance), Benzoic Acid, Dehydroacetic Acid, Citric Acid, Benzyl Alcohol, Tetramethyl Acetyloctahydronaphthalenes<\/p>\n[\/vc_column_text][\/toggle][toggle color=&#8221;Default&#8221; heading_tag=&#8221;h4&#8243; heading_tag_functionality=&#8221;change_html_tag&#8221; title=&#8221;Care protocol&#8221;][vc_column_text text_direction=&#8221;default&#8221;]\n<div class=\"page\" title=\"Page 1\">\n<div class=\"section\">\n<div class=\"layoutArea\">\n<div class=\"column\">\n<p><strong>Combined Tonitence <span style=\"color: #76b2e2;\">N\u00b01<\/span> and <span style=\"color: #2c9bb1;\">N\u00b02<\/span> routine for day and night care:<\/strong><\/p>\n<p>In the morning, apply <strong>Tonitence <span style=\"color: #76b2e2;\">N\u00b01<\/span> <\/strong>to moisturize and protect skin throughout the day. This application promotes a radiant complexion and a strengthened skin barrier. In the evening, apply <strong>Tonitence <span style=\"color: #2c9bb1;\">N\u00b02<\/span><\/strong>, an exceptional treatment that takes advantage of the skin&#8217;s heightened receptiveness during the night to boost cellular memory and slow the signs of skin aging. This unique formula enhances elasticity and visibly reduces wrinkles and fine lines.<\/p>\n<p>For complete, optimal care, use the combination of <strong>Tonitence <span style=\"color: #76b2e2;\">N\u00b01<\/span> <\/strong>and <strong><span style=\"color: #2c9bb1;\">N\u00b02<\/span><\/strong>, morning and evening. Start by applying the treatment to a clean and dry skin, then use gentle circular motions on the face, neck and upper eyelid, while avoiding the eye contour.<\/p>\n<p>Thanks to its high concentration of natural active ingredients, this duo effectively protects the skin barrier from external aggressions while improving skin elasticity and firmness. Wrinkles and fine lines are intensely smoothed, leaving your skin looking visibly younger and more radiant. As you wake up, your skin is regenerated, firmed, and visibly rejuvenated.<\/p>\n<p>With the continuous action of this combined day and night routine, your skin remains hydrated, protected, and renewed 24\/7. Embrace this daily routine for skin that is luminous, revitalized, and full of vitality.<\/p>\n<\/div>\n<\/div>\n<\/div>\n<\/div>\n[\/vc_column_text][\/toggle][\/toggles][\/vc_column][\/vc_row]\n","protected":false},"excerpt":{"rendered":"<p>Night cream<br \/>\nAnti-Age and Skin Firming<\/p>\n<p><span style=\"taille: 22px;\">60ml<\/span> <span style=\"taille: 24px; font-weight: 600; margin-left: 25px;\">75\u20ac<\/span><\/p>\n","protected":false},"featured_media":406,"template":"","meta":{"inline_featured_image":false},"product_brand":[],"product_cat":[27],"product_tag":[],"class_list":{"0":"post-473","1":"product","2":"type-product","3":"status-publish","4":"has-post-thumbnail","6":"product_cat-tonitence","8":"first","9":"instock","10":"taxable","11":"shipping-taxable","12":"purchasable","13":"product-type-simple"},"yoast_head":"<!-- This site is optimized with the Yoast SEO plugin v24.3 - https:\/\/yoast.com\/wordpress\/plugins\/seo\/ -->\n<title>TONITENCE N\u00b02 - Magnifiscience - Site Officiel<\/title>\n<meta name=\"robots\" content=\"index, follow, max-snippet:-1, max-image-preview:large, max-video-preview:-1\" \/>\n<link rel=\"canonical\" href=\"https:\/\/magnifi-science.com\/en\/shop\/tonitence-n2\/\" \/>\n<meta property=\"og:locale\" content=\"en_US\" \/>\n<meta property=\"og:type\" content=\"article\" \/>\n<meta property=\"og:title\" content=\"TONITENCE N\u00b02 - Magnifiscience - Site Officiel\" \/>\n<meta property=\"og:description\" content=\"Night cream Anti-Age and Skin Firming  60ml 75\u20ac\" \/>\n<meta property=\"og:url\" content=\"https:\/\/magnifi-science.com\/en\/shop\/tonitence-n2\/\" \/>\n<meta property=\"og:site_name\" content=\"Magnifiscience - Site Officiel\" \/>\n<meta property=\"article:modified_time\" content=\"2026-04-13T04:33:31+00:00\" \/>\n<meta property=\"og:image\" content=\"https:\/\/magnifi-science.com\/wp-content\/uploads\/2024\/11\/Magnifiscience-24-Flacon-Etui-N1-EC2-302-932x1024.jpg\" \/>\n\t<meta property=\"og:image:width\" content=\"932\" \/>\n\t<meta property=\"og:image:height\" content=\"1024\" \/>\n\t<meta property=\"og:image:type\" content=\"image\/jpeg\" \/>\n<meta name=\"twitter:card\" content=\"summary_large_image\" \/>\n<meta name=\"twitter:label1\" content=\"Est. reading time\" \/>\n\t<meta name=\"twitter:data1\" content=\"4 minutes\" \/>\n<script type=\"application\/ld+json\" class=\"yoast-schema-graph\">{\"@context\":\"https:\/\/schema.org\",\"@graph\":[{\"@type\":\"WebPage\",\"@id\":\"https:\/\/magnifi-science.com\/en\/shop\/tonitence-n2\/\",\"url\":\"https:\/\/magnifi-science.com\/en\/shop\/tonitence-n2\/\",\"name\":\"TONITENCE N\u00b02 - Magnifiscience - Site Officiel\",\"isPartOf\":{\"@id\":\"https:\/\/magnifi-science.com\/#website\"},\"primaryImageOfPage\":{\"@id\":\"https:\/\/magnifi-science.com\/en\/shop\/tonitence-n2\/#primaryimage\"},\"image\":{\"@id\":\"https:\/\/magnifi-science.com\/en\/shop\/tonitence-n2\/#primaryimage\"},\"thumbnailUrl\":\"https:\/\/magnifi-science.com\/wp-content\/uploads\/2024\/11\/Magnifiscience-24-Flacon-Etui-N1-EC2-302-e1733158634336.jpg\",\"datePublished\":\"2024-11-05T22:26:16+00:00\",\"dateModified\":\"2026-04-13T04:33:31+00:00\",\"breadcrumb\":{\"@id\":\"https:\/\/magnifi-science.com\/en\/shop\/tonitence-n2\/#breadcrumb\"},\"inLanguage\":\"en-US\",\"potentialAction\":[{\"@type\":\"ReadAction\",\"target\":[\"https:\/\/magnifi-science.com\/en\/shop\/tonitence-n2\/\"]}]},{\"@type\":\"ImageObject\",\"inLanguage\":\"en-US\",\"@id\":\"https:\/\/magnifi-science.com\/en\/shop\/tonitence-n2\/#primaryimage\",\"url\":\"https:\/\/magnifi-science.com\/wp-content\/uploads\/2024\/11\/Magnifiscience-24-Flacon-Etui-N1-EC2-302-e1733158634336.jpg\",\"contentUrl\":\"https:\/\/magnifi-science.com\/wp-content\/uploads\/2024\/11\/Magnifiscience-24-Flacon-Etui-N1-EC2-302-e1733158634336.jpg\",\"width\":1434,\"height\":1575},{\"@type\":\"BreadcrumbList\",\"@id\":\"https:\/\/magnifi-science.com\/en\/shop\/tonitence-n2\/#breadcrumb\",\"itemListElement\":[{\"@type\":\"ListItem\",\"position\":1,\"name\":\"Accueil\",\"item\":\"https:\/\/magnifi-science.com\/en\/\"},{\"@type\":\"ListItem\",\"position\":2,\"name\":\"Shop\",\"item\":\"https:\/\/magnifi-science.com\/shop-old\/\"},{\"@type\":\"ListItem\",\"position\":3,\"name\":\"TONITENCE N\u00b02\"}]},{\"@type\":\"WebSite\",\"@id\":\"https:\/\/magnifi-science.com\/#website\",\"url\":\"https:\/\/magnifi-science.com\/\",\"name\":\"Magnifiscience - Site Officiel\",\"description\":\"Gamme de cosm\u00e9tiques scientifique anti-\u00e2ge, con\u00e7ue par le Professeur Didier Raoult &amp; Nina Basri\",\"publisher\":{\"@id\":\"https:\/\/magnifi-science.com\/#organization\"},\"potentialAction\":[{\"@type\":\"SearchAction\",\"target\":{\"@type\":\"EntryPoint\",\"urlTemplate\":\"https:\/\/magnifi-science.com\/?s={search_term_string}\"},\"query-input\":{\"@type\":\"PropertyValueSpecification\",\"valueRequired\":true,\"valueName\":\"search_term_string\"}}],\"inLanguage\":\"en-US\"},{\"@type\":\"Organization\",\"@id\":\"https:\/\/magnifi-science.com\/#organization\",\"name\":\"Magnifiscience\",\"url\":\"https:\/\/magnifi-science.com\/\",\"logo\":{\"@type\":\"ImageObject\",\"inLanguage\":\"en-US\",\"@id\":\"https:\/\/magnifi-science.com\/#\/schema\/logo\/image\/\",\"url\":\"https:\/\/magnifi-science.com\/wp-content\/uploads\/2024\/10\/Logo_Magnifiscience_Dark.svg\",\"contentUrl\":\"https:\/\/magnifi-science.com\/wp-content\/uploads\/2024\/10\/Logo_Magnifiscience_Dark.svg\",\"width\":\"1024\",\"height\":\"1024\",\"caption\":\"Magnifiscience\"},\"image\":{\"@id\":\"https:\/\/magnifi-science.com\/#\/schema\/logo\/image\/\"}}]}<\/script>\n<!-- \/ Yoast SEO plugin. -->","yoast_head_json":{"title":"TONITENCE N\u00b02 - Magnifiscience - Site Officiel","robots":{"index":"index","follow":"follow","max-snippet":"max-snippet:-1","max-image-preview":"max-image-preview:large","max-video-preview":"max-video-preview:-1"},"canonical":"https:\/\/magnifi-science.com\/en\/shop\/tonitence-n2\/","og_locale":"en_US","og_type":"article","og_title":"TONITENCE N\u00b02 - Magnifiscience - Site Officiel","og_description":"Night cream Anti-Age and Skin Firming  60ml 75\u20ac","og_url":"https:\/\/magnifi-science.com\/en\/shop\/tonitence-n2\/","og_site_name":"Magnifiscience - Site Officiel","article_modified_time":"2026-04-13T04:33:31+00:00","og_image":[{"width":932,"height":1024,"url":"https:\/\/magnifi-science.com\/wp-content\/uploads\/2024\/11\/Magnifiscience-24-Flacon-Etui-N1-EC2-302-932x1024.jpg","type":"image\/jpeg"}],"twitter_card":"summary_large_image","twitter_misc":{"Est. reading time":"4 minutes"},"schema":{"@context":"https:\/\/schema.org","@graph":[{"@type":"WebPage","@id":"https:\/\/magnifi-science.com\/en\/shop\/tonitence-n2\/","url":"https:\/\/magnifi-science.com\/en\/shop\/tonitence-n2\/","name":"TONITENCE N\u00b02 - Magnifiscience - Site Officiel","isPartOf":{"@id":"https:\/\/magnifi-science.com\/#website"},"primaryImageOfPage":{"@id":"https:\/\/magnifi-science.com\/en\/shop\/tonitence-n2\/#primaryimage"},"image":{"@id":"https:\/\/magnifi-science.com\/en\/shop\/tonitence-n2\/#primaryimage"},"thumbnailUrl":"https:\/\/magnifi-science.com\/wp-content\/uploads\/2024\/11\/Magnifiscience-24-Flacon-Etui-N1-EC2-302-e1733158634336.jpg","datePublished":"2024-11-05T22:26:16+00:00","dateModified":"2026-04-13T04:33:31+00:00","breadcrumb":{"@id":"https:\/\/magnifi-science.com\/en\/shop\/tonitence-n2\/#breadcrumb"},"inLanguage":"en-US","potentialAction":[{"@type":"ReadAction","target":["https:\/\/magnifi-science.com\/en\/shop\/tonitence-n2\/"]}]},{"@type":"ImageObject","inLanguage":"en-US","@id":"https:\/\/magnifi-science.com\/en\/shop\/tonitence-n2\/#primaryimage","url":"https:\/\/magnifi-science.com\/wp-content\/uploads\/2024\/11\/Magnifiscience-24-Flacon-Etui-N1-EC2-302-e1733158634336.jpg","contentUrl":"https:\/\/magnifi-science.com\/wp-content\/uploads\/2024\/11\/Magnifiscience-24-Flacon-Etui-N1-EC2-302-e1733158634336.jpg","width":1434,"height":1575},{"@type":"BreadcrumbList","@id":"https:\/\/magnifi-science.com\/en\/shop\/tonitence-n2\/#breadcrumb","itemListElement":[{"@type":"ListItem","position":1,"name":"Accueil","item":"https:\/\/magnifi-science.com\/en\/"},{"@type":"ListItem","position":2,"name":"Shop","item":"https:\/\/magnifi-science.com\/shop-old\/"},{"@type":"ListItem","position":3,"name":"TONITENCE N\u00b02"}]},{"@type":"WebSite","@id":"https:\/\/magnifi-science.com\/#website","url":"https:\/\/magnifi-science.com\/","name":"Magnifiscience - Site Officiel","description":"Gamme de cosm\u00e9tiques scientifique anti-\u00e2ge, con\u00e7ue par le Professeur Didier Raoult &amp; Nina Basri","publisher":{"@id":"https:\/\/magnifi-science.com\/#organization"},"potentialAction":[{"@type":"SearchAction","target":{"@type":"EntryPoint","urlTemplate":"https:\/\/magnifi-science.com\/?s={search_term_string}"},"query-input":{"@type":"PropertyValueSpecification","valueRequired":true,"valueName":"search_term_string"}}],"inLanguage":"en-US"},{"@type":"Organization","@id":"https:\/\/magnifi-science.com\/#organization","name":"Magnifiscience","url":"https:\/\/magnifi-science.com\/","logo":{"@type":"ImageObject","inLanguage":"en-US","@id":"https:\/\/magnifi-science.com\/#\/schema\/logo\/image\/","url":"https:\/\/magnifi-science.com\/wp-content\/uploads\/2024\/10\/Logo_Magnifiscience_Dark.svg","contentUrl":"https:\/\/magnifi-science.com\/wp-content\/uploads\/2024\/10\/Logo_Magnifiscience_Dark.svg","width":"1024","height":"1024","caption":"Magnifiscience"},"image":{"@id":"https:\/\/magnifi-science.com\/#\/schema\/logo\/image\/"}}]}},"_links":{"self":[{"href":"https:\/\/magnifi-science.com\/en\/wp-json\/wp\/v2\/product\/473","targetHints":{"allow":["GET"]}}],"collection":[{"href":"https:\/\/magnifi-science.com\/en\/wp-json\/wp\/v2\/product"}],"about":[{"href":"https:\/\/magnifi-science.com\/en\/wp-json\/wp\/v2\/types\/product"}],"wp:featuredmedia":[{"embeddable":true,"href":"https:\/\/magnifi-science.com\/en\/wp-json\/wp\/v2\/media\/406"}],"wp:attachment":[{"href":"https:\/\/magnifi-science.com\/en\/wp-json\/wp\/v2\/media?parent=473"}],"wp:term":[{"taxonomy":"product_brand","embeddable":true,"href":"https:\/\/magnifi-science.com\/en\/wp-json\/wp\/v2\/product_brand?post=473"},{"taxonomy":"product_cat","embeddable":true,"href":"https:\/\/magnifi-science.com\/en\/wp-json\/wp\/v2\/product_cat?post=473"},{"taxonomy":"product_tag","embeddable":true,"href":"https:\/\/magnifi-science.com\/en\/wp-json\/wp\/v2\/product_tag?post=473"}],"curies":[{"name":"wp","href":"https:\/\/api.w.org\/{rel}","templated":true}]}}