{"id":3794,"date":"2025-11-22T01:24:32","date_gmt":"2025-11-22T00:24:32","guid":{"rendered":"https:\/\/magnifi-science.com\/?post_type=product&#038;p=3794"},"modified":"2026-04-11T14:28:05","modified_gmt":"2026-04-11T12:28:05","slug":"illuminescence-n5","status":"publish","type":"product","link":"https:\/\/magnifi-science.com\/en\/shop\/illuminescence-n5\/","title":{"rendered":"Illuminescence <span style=\"color: #842e1b;\">N\u00b05<\/span>"},"content":{"rendered":"[vc_row type=&#8221;in_container&#8221; full_screen_row_position=&#8221;middle&#8221; column_margin=&#8221;default&#8221; column_direction=&#8221;default&#8221; column_direction_tablet=&#8221;default&#8221; column_direction_phone=&#8221;default&#8221; scene_position=&#8221;center&#8221; text_color=&#8221;dark&#8221; text_align=&#8221;left&#8221; row_border_radius=&#8221;none&#8221; row_border_radius_applies=&#8221;bg&#8221; overflow=&#8221;visible&#8221; overlay_strength=&#8221;0.3&#8243; gradient_direction=&#8221;left_to_right&#8221; shape_divider_position=&#8221;bottom&#8221; bg_image_animation=&#8221;none&#8221;][vc_column column_padding=&#8221;no-extra-padding&#8221; column_padding_tablet=&#8221;inherit&#8221; column_padding_phone=&#8221;inherit&#8221; column_padding_position=&#8221;all&#8221; column_element_direction_desktop=&#8221;default&#8221; column_element_spacing=&#8221;default&#8221; desktop_text_alignment=&#8221;default&#8221; tablet_text_alignment=&#8221;default&#8221; phone_text_alignment=&#8221;default&#8221; background_color_opacity=&#8221;1&#8243; background_hover_color_opacity=&#8221;1&#8243; column_backdrop_filter=&#8221;none&#8221; column_shadow=&#8221;none&#8221; column_border_radius=&#8221;none&#8221; column_link_target=&#8221;_self&#8221; column_position=&#8221;default&#8221; gradient_direction=&#8221;left_to_right&#8221; overlay_strength=&#8221;0.3&#8243; width=&#8221;1\/1&#8243; tablet_width_inherit=&#8221;default&#8221; animation_type=&#8221;default&#8221; bg_image_animation=&#8221;none&#8221; border_type=&#8221;simple&#8221; column_border_width=&#8221;none&#8221; column_border_style=&#8221;solid&#8221;][toggles style=&#8221;minimal&#8221; accordion=&#8221;true&#8221; accordion_starting_functionality=&#8221;closed&#8221;][toggle color=&#8221;Accent-Color&#8221; heading_tag=&#8221;h4&#8243; heading_tag_functionality=&#8221;change_html_tag&#8221; title=&#8221;Learn more&#8221;][vc_column_text text_direction=&#8221;default&#8221;]\n<p><strong>ILLUMINESCENCE <span style=\"color: #842e1b;\">N\u00b05<\/span> \u2013 <\/strong>Extreme Dark Spot Correcting Cream + Face &amp; Hands 30 ml<\/p>\n<p>The expert solution against age spots, uneven tone and dull skin<\/p>\n<p>Dark Spot Technology Inspired by Cellular Regeneration<\/p>\n<p><strong>Illuminescence <span style=\"color: #842e1b;\">N\u00b05<\/span> <\/strong>is an intensive treatment designed to address age spots, established pigmentation marks and uneven skin tone.<br \/>\nDeveloped from our patented cellular regeneration technology, it works deep within the skin to visibly reduce dark spots, refine skin texture, and restore a uniform, luminous and radiant complexion.<\/p>\n<p>Thanks to its DGN5 active complex, Illuminescence restores the skin\u2019s original radiance, boosts luminosity and improves the overall quality of the complexion day after day.<\/p>\n<p>DGN5 Complex: the expert synergy for dark spots &amp; radiance<\/p>\n<p>Formulated with Vitamin C, Quercetin, Tocopherol and AHA, the DGN5 complex acts on all mechanisms responsible for visible spots and skin dullness.<\/p>\n<ul>\n<li><strong>Vitamin C<\/strong><br \/>\nReduces the appearance of dark spots, diminishes age-related marks, boosts radiance and evens out the complexion.<\/li>\n<li><strong>Quercetin<\/strong><br \/>\nA powerful antioxidant: protects cells from oxidative stress and helps regulate pigmentation imbalances.<\/li>\n<li><strong>Tocopherol (Vitamin E)<\/strong><br \/>\nSoothes, protects the skin from daily aggressions and supports resilience.<\/li>\n<li><strong>AHA<\/strong><br \/>\nRefine skin texture, smooth the skin\u2019s surface and encourage regular cell renewal for a more luminous complexion.<\/li>\n<li><strong>Unifying plant extracts<\/strong><br \/>\nProvide comfort, soothing effects and support even skin tone.<\/li>\n<\/ul>\n<p>&nbsp;<\/p>\n<p>Visible Results<\/p>\n<p>From the first applications:<\/p>\n<ul>\n<li>More luminous skin<\/li>\n<li>Smoother skin texture<\/li>\n<li>More even surface<\/li>\n<\/ul>\n<p>Day after day:<\/p>\n<ul>\n<li>Visibly reduced dark spots (age spots, pigmentation marks)<\/li>\n<li>A complexion that appears significantly more even, harmonious and radiant<\/li>\n<li>Fatigue and dullness markers visibly diminished<\/li>\n<li>Softer, smoother, more radiant skin<\/li>\n<\/ul>\n<p><strong>Illuminescence <span style=\"color: #842e1b;\">N\u00b05<\/span><\/strong> is formulated for all skin types, even sensitive ones, and can also be applied to the hands \u2014 the area where age spots are often the most visible.<\/p>\n[\/vc_column_text][\/toggle][toggle color=&#8221;Accent-Color&#8221; heading_tag=&#8221;h4&#8243; heading_tag_functionality=&#8221;change_html_tag&#8221; title=&#8221;How to use&#8221;][vc_column_text text_direction=&#8221;default&#8221;]\n<p>Apply morning and evening to perfectly cleansed skin.<br \/>\nCan be used alone or in synergy with <strong>Radiance <span style=\"color: #75c7f0;\">N\u00b03<\/span><\/strong> to boost the anti-spot effect. Apply the <strong>Radiance <span style=\"color: #75c7f0;\">N\u00b03<\/span><\/strong> Serum before the <strong>Illuminescence <span style=\"color: #842e1b;\">N\u00b05<\/span><\/strong> cream.<\/p>\n<p>A texture designed to ensure perfect makeup hold throughout the day.<\/p>\n<p>Do not apply to the eye contour or mobile eyelids.<\/p>\n[\/vc_column_text][\/toggle][toggle color=&#8221;Accent-Color&#8221; heading_tag=&#8221;h4&#8243; heading_tag_functionality=&#8221;change_html_tag&#8221; title=&#8221;Active ingredients&#8221;][vc_column_text text_direction=&#8221;default&#8221;]\n<p>ACTIVE INGREDIENTS \u2013 DGN5 Complex<\/p>\n<p>Intensive dark spot correction &amp; enhanced radiance<\/p>\n<p><strong>Illuminescence <span style=\"color: #842e1b;\">N\u00b05<\/span><\/strong> is based on an advanced combination of actives selected for their effectiveness on visible dark spots and complexion improvement:<\/p>\n<ul>\n<li><strong>Vitamin C<\/strong> \u2013 reduces the appearance of spots, brightens and evens out the complexion.<\/li>\n<li><strong>Quercetin<\/strong> \u2013 protects, regulates pigmentation imbalances and prevents the progression of spots.<\/li>\n<li><strong>Tocopherol<\/strong> \u2013 soothes, protects and strengthens the skin barrier.<\/li>\n<li><strong>AHA<\/strong> \u2013 smooth irregularities, refine skin texture and reveal instant radiance.<\/li>\n<li><strong>Unifying plant extracts<\/strong> \u2013 soften, soothe and support overall evenness of the complexion.<\/li>\n<\/ul>\n<p>&nbsp;<\/p>\n<p>A Perfect Alchemy for a Transformed Complexion<\/p>\n<p>Thanks to the combined action of the DGN5 complex, the skin regains day after day:<\/p>\n<p>Less visible spots<br \/>\nfewer age spots<br \/>\na more even complexion<br \/>\nenhanced luminosity<br \/>\nrevived radiance<\/p>\n<p>The promise: a more even, radiant, luminous complexion visibly freed from dark spots.<\/p>\n[\/vc_column_text][\/toggle][toggle color=&#8221;Accent-Color&#8221; heading_tag=&#8221;h4&#8243; heading_tag_functionality=&#8221;change_html_tag&#8221; title=&#8221;Ingredients&#8221;][vc_column_text text_direction=&#8221;default&#8221;]\n<p>Aqua (Water), Propylene Glycol, Alcohol, Carthamus Tinctorius (Safflower) Seed Oil, Glycereth-26, Hydroxyethyl Acrylate\/Sodium Acryloyldimethyl Taurate Copolymer, Caprylic\/Capric Triglyceride, Allium Sativum (Garlic) Bulb Extract, Calcium Sodium Borosilicate, Squalane, Pyrus Malus (Apple) Fruit Extract, Cetearyl Dimethicone Crosspolymer, Dimethicone, Citric Acid, Parfum (Fragrance), Acetyl Tyrosine, Adenosine Triphosphate, Calcium Citrate, Cocos Nucifera (Coconut) Fruit Extract, Collagen, Hydrolyzed Vegetable Protein, Mannose, PVP, Sodium Riboflavin Phosphate, Tocopherol, Algin, Butylene Glycol, Glucose, Glycerin, Sodium Hyaluronate, Tocopheryl Acetate, Glycine Soja (Soybean) Oil, Allium Cepa (Onion) Bulb Extract, Polysorbate 60, Sorbitan Isostearate, Disodium EDTA, Benzoic Acid, Caprylyl Glycol, Dehydroacetic Acid, Ethylhexylglycerin, Potassium Sorbate, Sodium Benzoate, PEG-30 Dipolyhydroxystearate, Benzyl Alcohol, Tetramethyl Acetyloctahydronaphthalenes, Vanillin<\/p>\n[\/vc_column_text][\/toggle][\/toggles][\/vc_column][\/vc_row]\n","protected":false},"excerpt":{"rendered":"<p>Extreme Dark Spot Correcting Cream +<\/p>\n<p>Face &amp; Hands<\/p>\n<p><span style=\"taille: 22px;\">30ml<\/span> <span style=\"taille: 24px; font-weight: 600; margin-left: 25px;\">\u20ac69<\/span><\/p>\n","protected":false},"featured_media":3754,"template":"","meta":{"inline_featured_image":false},"product_brand":[],"product_cat":[27],"product_tag":[],"class_list":{"0":"post-3794","1":"product","2":"type-product","3":"status-publish","4":"has-post-thumbnail","6":"product_cat-tonitence","8":"first","9":"instock","10":"taxable","11":"shipping-taxable","12":"purchasable","13":"product-type-simple"},"yoast_head":"<!-- This site is optimized with the Yoast SEO plugin v24.3 - https:\/\/yoast.com\/wordpress\/plugins\/seo\/ -->\n<title>Illuminescence N\u00b05 - Magnifiscience - Site Officiel<\/title>\n<meta name=\"robots\" content=\"index, follow, max-snippet:-1, max-image-preview:large, max-video-preview:-1\" \/>\n<link rel=\"canonical\" href=\"https:\/\/magnifi-science.com\/en\/shop\/illuminescence-n5\/\" \/>\n<meta property=\"og:locale\" content=\"en_US\" \/>\n<meta property=\"og:type\" content=\"article\" \/>\n<meta property=\"og:title\" content=\"Illuminescence N\u00b05 - Magnifiscience - Site Officiel\" \/>\n<meta property=\"og:description\" content=\"Extreme Dark Spot Correcting Cream +  Face &amp; Hands  30ml \u20ac69\" \/>\n<meta property=\"og:url\" content=\"https:\/\/magnifi-science.com\/en\/shop\/illuminescence-n5\/\" \/>\n<meta property=\"og:site_name\" content=\"Magnifiscience - Site Officiel\" \/>\n<meta property=\"article:modified_time\" content=\"2026-04-11T12:28:05+00:00\" \/>\n<meta property=\"og:image\" content=\"https:\/\/magnifi-science.com\/wp-content\/uploads\/2025\/11\/Illuminescence-n\u00b05_packshot_portrait-1-scaled.jpg\" \/>\n\t<meta property=\"og:image:width\" content=\"2048\" \/>\n\t<meta property=\"og:image:height\" content=\"2560\" \/>\n\t<meta property=\"og:image:type\" content=\"image\/jpeg\" \/>\n<meta name=\"twitter:card\" content=\"summary_large_image\" \/>\n<meta name=\"twitter:label1\" content=\"Est. reading time\" \/>\n\t<meta name=\"twitter:data1\" content=\"4 minutes\" \/>\n<script type=\"application\/ld+json\" class=\"yoast-schema-graph\">{\"@context\":\"https:\/\/schema.org\",\"@graph\":[{\"@type\":\"WebPage\",\"@id\":\"https:\/\/magnifi-science.com\/en\/shop\/illuminescence-n5\/\",\"url\":\"https:\/\/magnifi-science.com\/en\/shop\/illuminescence-n5\/\",\"name\":\"Illuminescence N\u00b05 - Magnifiscience - Site Officiel\",\"isPartOf\":{\"@id\":\"https:\/\/magnifi-science.com\/#website\"},\"primaryImageOfPage\":{\"@id\":\"https:\/\/magnifi-science.com\/en\/shop\/illuminescence-n5\/#primaryimage\"},\"image\":{\"@id\":\"https:\/\/magnifi-science.com\/en\/shop\/illuminescence-n5\/#primaryimage\"},\"thumbnailUrl\":\"https:\/\/magnifi-science.com\/wp-content\/uploads\/2025\/11\/Illuminescence-n\u00b05_packshot_portrait-1-scaled.jpg\",\"datePublished\":\"2025-11-22T00:24:32+00:00\",\"dateModified\":\"2026-04-11T12:28:05+00:00\",\"breadcrumb\":{\"@id\":\"https:\/\/magnifi-science.com\/en\/shop\/illuminescence-n5\/#breadcrumb\"},\"inLanguage\":\"en-US\",\"potentialAction\":[{\"@type\":\"ReadAction\",\"target\":[\"https:\/\/magnifi-science.com\/en\/shop\/illuminescence-n5\/\"]}]},{\"@type\":\"ImageObject\",\"inLanguage\":\"en-US\",\"@id\":\"https:\/\/magnifi-science.com\/en\/shop\/illuminescence-n5\/#primaryimage\",\"url\":\"https:\/\/magnifi-science.com\/wp-content\/uploads\/2025\/11\/Illuminescence-n\u00b05_packshot_portrait-1-scaled.jpg\",\"contentUrl\":\"https:\/\/magnifi-science.com\/wp-content\/uploads\/2025\/11\/Illuminescence-n\u00b05_packshot_portrait-1-scaled.jpg\",\"width\":2048,\"height\":2560},{\"@type\":\"BreadcrumbList\",\"@id\":\"https:\/\/magnifi-science.com\/en\/shop\/illuminescence-n5\/#breadcrumb\",\"itemListElement\":[{\"@type\":\"ListItem\",\"position\":1,\"name\":\"Accueil\",\"item\":\"https:\/\/magnifi-science.com\/en\/\"},{\"@type\":\"ListItem\",\"position\":2,\"name\":\"Shop\",\"item\":\"https:\/\/magnifi-science.com\/shop-old\/\"},{\"@type\":\"ListItem\",\"position\":3,\"name\":\"Illuminescence N\u00b05\"}]},{\"@type\":\"WebSite\",\"@id\":\"https:\/\/magnifi-science.com\/#website\",\"url\":\"https:\/\/magnifi-science.com\/\",\"name\":\"Magnifiscience - Site Officiel\",\"description\":\"Gamme de cosm\u00e9tiques scientifique anti-\u00e2ge, con\u00e7ue par le Professeur Didier Raoult &amp; Nina Basri\",\"publisher\":{\"@id\":\"https:\/\/magnifi-science.com\/#organization\"},\"potentialAction\":[{\"@type\":\"SearchAction\",\"target\":{\"@type\":\"EntryPoint\",\"urlTemplate\":\"https:\/\/magnifi-science.com\/?s={search_term_string}\"},\"query-input\":{\"@type\":\"PropertyValueSpecification\",\"valueRequired\":true,\"valueName\":\"search_term_string\"}}],\"inLanguage\":\"en-US\"},{\"@type\":\"Organization\",\"@id\":\"https:\/\/magnifi-science.com\/#organization\",\"name\":\"Magnifiscience\",\"url\":\"https:\/\/magnifi-science.com\/\",\"logo\":{\"@type\":\"ImageObject\",\"inLanguage\":\"en-US\",\"@id\":\"https:\/\/magnifi-science.com\/#\/schema\/logo\/image\/\",\"url\":\"https:\/\/magnifi-science.com\/wp-content\/uploads\/2024\/10\/Logo_Magnifiscience_Dark.svg\",\"contentUrl\":\"https:\/\/magnifi-science.com\/wp-content\/uploads\/2024\/10\/Logo_Magnifiscience_Dark.svg\",\"width\":\"1024\",\"height\":\"1024\",\"caption\":\"Magnifiscience\"},\"image\":{\"@id\":\"https:\/\/magnifi-science.com\/#\/schema\/logo\/image\/\"}}]}<\/script>\n<!-- \/ Yoast SEO plugin. -->","yoast_head_json":{"title":"Illuminescence N\u00b05 - Magnifiscience - Site Officiel","robots":{"index":"index","follow":"follow","max-snippet":"max-snippet:-1","max-image-preview":"max-image-preview:large","max-video-preview":"max-video-preview:-1"},"canonical":"https:\/\/magnifi-science.com\/en\/shop\/illuminescence-n5\/","og_locale":"en_US","og_type":"article","og_title":"Illuminescence N\u00b05 - Magnifiscience - Site Officiel","og_description":"Extreme Dark Spot Correcting Cream +  Face &amp; Hands  30ml \u20ac69","og_url":"https:\/\/magnifi-science.com\/en\/shop\/illuminescence-n5\/","og_site_name":"Magnifiscience - Site Officiel","article_modified_time":"2026-04-11T12:28:05+00:00","og_image":[{"width":2048,"height":2560,"url":"https:\/\/magnifi-science.com\/wp-content\/uploads\/2025\/11\/Illuminescence-n\u00b05_packshot_portrait-1-scaled.jpg","type":"image\/jpeg"}],"twitter_card":"summary_large_image","twitter_misc":{"Est. reading time":"4 minutes"},"schema":{"@context":"https:\/\/schema.org","@graph":[{"@type":"WebPage","@id":"https:\/\/magnifi-science.com\/en\/shop\/illuminescence-n5\/","url":"https:\/\/magnifi-science.com\/en\/shop\/illuminescence-n5\/","name":"Illuminescence N\u00b05 - Magnifiscience - Site Officiel","isPartOf":{"@id":"https:\/\/magnifi-science.com\/#website"},"primaryImageOfPage":{"@id":"https:\/\/magnifi-science.com\/en\/shop\/illuminescence-n5\/#primaryimage"},"image":{"@id":"https:\/\/magnifi-science.com\/en\/shop\/illuminescence-n5\/#primaryimage"},"thumbnailUrl":"https:\/\/magnifi-science.com\/wp-content\/uploads\/2025\/11\/Illuminescence-n\u00b05_packshot_portrait-1-scaled.jpg","datePublished":"2025-11-22T00:24:32+00:00","dateModified":"2026-04-11T12:28:05+00:00","breadcrumb":{"@id":"https:\/\/magnifi-science.com\/en\/shop\/illuminescence-n5\/#breadcrumb"},"inLanguage":"en-US","potentialAction":[{"@type":"ReadAction","target":["https:\/\/magnifi-science.com\/en\/shop\/illuminescence-n5\/"]}]},{"@type":"ImageObject","inLanguage":"en-US","@id":"https:\/\/magnifi-science.com\/en\/shop\/illuminescence-n5\/#primaryimage","url":"https:\/\/magnifi-science.com\/wp-content\/uploads\/2025\/11\/Illuminescence-n\u00b05_packshot_portrait-1-scaled.jpg","contentUrl":"https:\/\/magnifi-science.com\/wp-content\/uploads\/2025\/11\/Illuminescence-n\u00b05_packshot_portrait-1-scaled.jpg","width":2048,"height":2560},{"@type":"BreadcrumbList","@id":"https:\/\/magnifi-science.com\/en\/shop\/illuminescence-n5\/#breadcrumb","itemListElement":[{"@type":"ListItem","position":1,"name":"Accueil","item":"https:\/\/magnifi-science.com\/en\/"},{"@type":"ListItem","position":2,"name":"Shop","item":"https:\/\/magnifi-science.com\/shop-old\/"},{"@type":"ListItem","position":3,"name":"Illuminescence N\u00b05"}]},{"@type":"WebSite","@id":"https:\/\/magnifi-science.com\/#website","url":"https:\/\/magnifi-science.com\/","name":"Magnifiscience - Site Officiel","description":"Gamme de cosm\u00e9tiques scientifique anti-\u00e2ge, con\u00e7ue par le Professeur Didier Raoult &amp; Nina Basri","publisher":{"@id":"https:\/\/magnifi-science.com\/#organization"},"potentialAction":[{"@type":"SearchAction","target":{"@type":"EntryPoint","urlTemplate":"https:\/\/magnifi-science.com\/?s={search_term_string}"},"query-input":{"@type":"PropertyValueSpecification","valueRequired":true,"valueName":"search_term_string"}}],"inLanguage":"en-US"},{"@type":"Organization","@id":"https:\/\/magnifi-science.com\/#organization","name":"Magnifiscience","url":"https:\/\/magnifi-science.com\/","logo":{"@type":"ImageObject","inLanguage":"en-US","@id":"https:\/\/magnifi-science.com\/#\/schema\/logo\/image\/","url":"https:\/\/magnifi-science.com\/wp-content\/uploads\/2024\/10\/Logo_Magnifiscience_Dark.svg","contentUrl":"https:\/\/magnifi-science.com\/wp-content\/uploads\/2024\/10\/Logo_Magnifiscience_Dark.svg","width":"1024","height":"1024","caption":"Magnifiscience"},"image":{"@id":"https:\/\/magnifi-science.com\/#\/schema\/logo\/image\/"}}]}},"_links":{"self":[{"href":"https:\/\/magnifi-science.com\/en\/wp-json\/wp\/v2\/product\/3794","targetHints":{"allow":["GET"]}}],"collection":[{"href":"https:\/\/magnifi-science.com\/en\/wp-json\/wp\/v2\/product"}],"about":[{"href":"https:\/\/magnifi-science.com\/en\/wp-json\/wp\/v2\/types\/product"}],"wp:featuredmedia":[{"embeddable":true,"href":"https:\/\/magnifi-science.com\/en\/wp-json\/wp\/v2\/media\/3754"}],"wp:attachment":[{"href":"https:\/\/magnifi-science.com\/en\/wp-json\/wp\/v2\/media?parent=3794"}],"wp:term":[{"taxonomy":"product_brand","embeddable":true,"href":"https:\/\/magnifi-science.com\/en\/wp-json\/wp\/v2\/product_brand?post=3794"},{"taxonomy":"product_cat","embeddable":true,"href":"https:\/\/magnifi-science.com\/en\/wp-json\/wp\/v2\/product_cat?post=3794"},{"taxonomy":"product_tag","embeddable":true,"href":"https:\/\/magnifi-science.com\/en\/wp-json\/wp\/v2\/product_tag?post=3794"}],"curies":[{"name":"wp","href":"https:\/\/api.w.org\/{rel}","templated":true}]}}