{"id":3792,"date":"2025-11-22T01:13:11","date_gmt":"2025-11-22T00:13:11","guid":{"rendered":"https:\/\/magnifi-science.com\/?post_type=product&#038;p=3792"},"modified":"2026-04-13T06:33:31","modified_gmt":"2026-04-13T04:33:31","slug":"hydralift-n4","status":"publish","type":"product","link":"https:\/\/magnifi-science.com\/en\/shop\/hydralift-n4\/","title":{"rendered":"Hydralift <span style=\"color: #FF5600;\">N\u00b04<\/span>"},"content":{"rendered":"[vc_row type=&#8221;in_container&#8221; full_screen_row_position=&#8221;middle&#8221; column_margin=&#8221;default&#8221; column_direction=&#8221;default&#8221; column_direction_tablet=&#8221;default&#8221; column_direction_phone=&#8221;default&#8221; scene_position=&#8221;center&#8221; text_color=&#8221;dark&#8221; text_align=&#8221;left&#8221; row_border_radius=&#8221;none&#8221; row_border_radius_applies=&#8221;bg&#8221; overflow=&#8221;visible&#8221; overlay_strength=&#8221;0.3&#8243; gradient_direction=&#8221;left_to_right&#8221; shape_divider_position=&#8221;bottom&#8221; bg_image_animation=&#8221;none&#8221;][vc_column column_padding=&#8221;no-extra-padding&#8221; column_padding_tablet=&#8221;inherit&#8221; column_padding_phone=&#8221;inherit&#8221; column_padding_position=&#8221;all&#8221; column_element_direction_desktop=&#8221;default&#8221; column_element_spacing=&#8221;default&#8221; desktop_text_alignment=&#8221;default&#8221; tablet_text_alignment=&#8221;default&#8221; phone_text_alignment=&#8221;default&#8221; background_color_opacity=&#8221;1&#8243; background_hover_color_opacity=&#8221;1&#8243; column_backdrop_filter=&#8221;none&#8221; column_shadow=&#8221;none&#8221; column_border_radius=&#8221;none&#8221; column_link_target=&#8221;_self&#8221; column_position=&#8221;default&#8221; gradient_direction=&#8221;left_to_right&#8221; overlay_strength=&#8221;0.3&#8243; width=&#8221;1\/1&#8243; tablet_width_inherit=&#8221;default&#8221; animation_type=&#8221;default&#8221; bg_image_animation=&#8221;none&#8221; border_type=&#8221;simple&#8221; column_border_width=&#8221;none&#8221; column_border_style=&#8221;solid&#8221;][toggles style=&#8221;minimal&#8221; accordion=&#8221;true&#8221; accordion_starting_functionality=&#8221;closed&#8221;][toggle color=&#8221;Accent-Color&#8221; heading_tag=&#8221;h4&#8243; heading_tag_functionality=&#8221;change_html_tag&#8221; title=&#8221;Learn more&#8221;][vc_column_text text_direction=&#8221;default&#8221;]\n<p><strong>Cellular hydration that lifts, plumps, and brings the skin back to life<\/strong><\/p>\n<p><strong>Hydralift <span style=\"color: #ff5600;\">N\u00b04<\/span> <\/strong>is far more than a hydrating cream \u2014 it is a high-performance treatment crafted from our patented cellular regeneration technology.<br \/>\nUltra-sensorial and highly effective, its formula works at the heart of the cells to restore intense hydration, awaken firmness, and reveal visibly more smooth, plumped, and radiant skin while preserving the skin\u2019s youth capital.<\/p>\n<p>Ideal for revitalizing the skin after jet lag, a late night out, or a period of intense fatigue \u2014 instantly restoring freshness, glow, and energy.<\/p>\n<p>A Powerful &amp; Bio-Inspired DGN4 Complex<\/p>\n<p>Its unique formula, enriched with the DGN4 complex, combines Hyaluronic Acid, Omega 6, Polyphenols, and Vitamin E to deliver deep hydration, strengthen the skin barrier, and improve the skin\u2019s elasticity.<\/p>\n<ul>\n<li><strong>Hyaluronic Acid<\/strong><br \/>\nRetains water at the heart of the tissues, instantly plumps, and smooths dehydration lines.<\/li>\n<li><strong>Omega 6<\/strong><br \/>\nDeeply nourishes, restores the lipid barrier, and improves long-lasting suppleness and firmness.<\/li>\n<li><strong>Polyphenols<\/strong><br \/>\nPowerful antioxidant shields: protect the skin from oxidative stress, even out the complexion, and preserve youthfulness.<\/li>\n<li><strong>Vitamin E<\/strong><br \/>\nProtects, soothes, and strengthens the hydrolipidic film for more resilient and glowing skin.<\/li>\n<li><strong>Moisturizing plant extracts<\/strong><br \/>\nProvide softness, comfort, and maintenance of the skin\u2019s natural balance, even for dry or dehydrated skin.<\/li>\n<\/ul>\n<p>This biomimetic synergy works deep within the skin to deliver long-lasting hydration and a natural lifting effect.<\/p>\n<p>Visible Results<\/p>\n<p>From the very first application:<\/p>\n<ul>\n<li>Deep and long-lasting hydration<\/li>\n<li>Instant comfort<\/li>\n<li>Soft, bouncy skin<\/li>\n<\/ul>\n<p>Day after day:<\/p>\n<ul>\n<li>The skin appears lifted, firmer, and more toned<\/li>\n<li>Features look rested<\/li>\n<li>The complexion becomes luminous, even, and radiant<\/li>\n<li>Signs of fatigue and dehydration fade<\/li>\n<\/ul>\n<p>Hydralift enhances all skin types \u2014 from combination to the driest and most dehydrated skins.<\/p>\n[\/vc_column_text][\/toggle][toggle color=&#8221;Accent-Color&#8221; heading_tag=&#8221;h4&#8243; heading_tag_functionality=&#8221;change_html_tag&#8221; title=&#8221;How to use&#8221;][vc_column_text text_direction=&#8221;default&#8221;]\n<p>Apply morning and evening on perfectly cleansed and toned skin.<br \/>\n<strong>Hydralift <span style=\"color: #ff5600;\">N\u00b04<\/span><\/strong> can be used alone or combined with <strong>Radiance <span style=\"color: #75c7f0;\">N\u00b03<\/span><\/strong>, <strong><span class=\"s1\">Tonitence <\/span><span class=\"s2\" style=\"color: #94b9cc;\">N\u00b01<\/span><\/strong> or <span class=\"s1\"><strong>Tonitence <span class=\"s2\" style=\"color: #029ab2;\">N\u00b02<\/span><\/strong><\/span> for enhanced performance.<\/p>\n<p>Its melting texture ensures flawless makeup hold throughout the day.<\/p>\n<p>Do not apply on mobile eyelids.<\/p>\n<p>Essential Actives of the DGN4 Complex<\/p>\n<p>Deep hydration &amp; natural lifting effect<\/p>\n[\/vc_column_text][\/toggle][toggle color=&#8221;Accent-Color&#8221; heading_tag=&#8221;h4&#8243; heading_tag_functionality=&#8221;change_html_tag&#8221; title=&#8221;Active ingredients&#8221;][vc_column_text text_direction=&#8221;default&#8221;]\n<p><strong>Hydralift <span style=\"color: #ff5600;\">N\u00b04<\/span> <\/strong>is based on a perfect alchemy of biomimetic actives and powerful antioxidants, selected for their ability to boost cellular hydration, strengthen skin integrity, and improve firmness.<\/p>\n<ul>\n<li><strong>Hyaluronic Acid<\/strong> \u2013 instantly plumps, smooths fine lines, and retains moisture deep within the skin.<\/li>\n<li><strong>Omega 6<\/strong> \u2013 nourishes, repairs, and restores the lipid barrier.<\/li>\n<li><strong>Polyphenols<\/strong> \u2013 protect against oxidative stress and prevent premature aging.<\/li>\n<li><strong>Vitamin E<\/strong> \u2013 soothes, protects, and strengthens the hydrolipidic film.<\/li>\n<li><strong>Moisturizing Plant Extracts<\/strong> \u2013 provide daily softness, comfort, and natural balance.<\/li>\n<\/ul>\n<p><strong>A Perfect Alchemy<\/strong><\/p>\n<p>Each active ingredient in the DGN4 complex works in synergy to optimize deep hydration, restore suppleness, and deliver a long-lasting natural lifting effect.<br \/>\nThis synergy guarantees skin that is hydrated, plumped, firm, and perfectly protected.<\/p>\n<p>The promise: intensely hydrated, plumped, and lastingly revitalized skin.<\/p>\n[\/vc_column_text][\/toggle][toggle color=&#8221;Accent-Color&#8221; heading_tag=&#8221;h4&#8243; heading_tag_functionality=&#8221;change_html_tag&#8221; title=&#8221;Ingredients&#8221;][vc_column_text text_direction=&#8221;default&#8221;]\n<p>Aqua (Water), Propylene Glycol, Caprylic\/Capric Triglyceride, Glycereth-26, Hydroxyethyl Acrylate\/Sodium Acryloyldimethyl Taurate Copolymer, Cetearyl Dimethicone Crosspolymer, Dimethicone, Citric Acid, Squalane, Pyrus Malus (Apple) Fruit Extract, Calcium Sodium Borosilicate, Parfum (Fragrance), Acetyl Tyrosine, Adenosine Triphosphate, Tocopherol, Cocos Nucifera (Coconut) Fruit Extract, Collagen, Hydrolyzed Vegetable Protein, Mannose, PVP, Sodium Riboflavin Phosphate, Algin, Butylene Glycol, Citrus Aurantium Dulcis (Orange) Fruit Extract, Citrus Limon (Lemon) Fruit Extract, Curcuma Longa (Turmeric) Root Extract, Glucose, Glycerin, Sodium Hyaluronate, Tocopheryl Acetate, Glycine Soja (Soybean) Oil, Polysorbate 60, Sorbitan Isostearate, Alcohol, Disodium EDTA, Benzoic Acid, Caprylyl Glycol, Dehydroacetic Acid, Ethylhexylglycerin, Potassium Sorbate, Sodium Benzoate, PEG-30 Dipolyhydroxystearate, Benzyl Alcohol, Tetramethyl Acetyloctahydronaphthalenes, Vanillin<u><\/u><\/p>\n[\/vc_column_text][\/toggle][\/toggles][\/vc_column][\/vc_row]\n","protected":false},"excerpt":{"rendered":"<p>Moisturizing Cream<\/p>\n<p>Lifting Face Cream<\/p>\n<p><span style=\"taille: 22px;\">30ml<\/span> <span style=\"taille: 24px; font-weight: 600; margin-left: 25px;\">\u20ac59<\/span><\/p>\n","protected":false},"featured_media":3722,"template":"","meta":{"inline_featured_image":false},"product_brand":[],"product_cat":[27],"product_tag":[],"class_list":{"0":"post-3792","1":"product","2":"type-product","3":"status-publish","4":"has-post-thumbnail","6":"product_cat-tonitence","8":"first","9":"instock","10":"taxable","11":"shipping-taxable","12":"purchasable","13":"product-type-simple"},"yoast_head":"<!-- This site is optimized with the Yoast SEO plugin v24.3 - https:\/\/yoast.com\/wordpress\/plugins\/seo\/ -->\n<title>Hydralift N\u00b04 - Magnifiscience - Site Officiel<\/title>\n<meta name=\"robots\" content=\"index, follow, max-snippet:-1, max-image-preview:large, max-video-preview:-1\" \/>\n<link rel=\"canonical\" href=\"https:\/\/magnifi-science.com\/en\/shop\/hydralift-n4\/\" \/>\n<meta property=\"og:locale\" content=\"en_US\" \/>\n<meta property=\"og:type\" content=\"article\" \/>\n<meta property=\"og:title\" content=\"Hydralift N\u00b04 - Magnifiscience - Site Officiel\" \/>\n<meta property=\"og:description\" content=\"Moisturizing Cream  Lifting Face Cream  30ml \u20ac59\" \/>\n<meta property=\"og:url\" content=\"https:\/\/magnifi-science.com\/en\/shop\/hydralift-n4\/\" \/>\n<meta property=\"og:site_name\" content=\"Magnifiscience - Site Officiel\" \/>\n<meta property=\"article:modified_time\" content=\"2026-04-13T04:33:31+00:00\" \/>\n<meta property=\"og:image\" content=\"https:\/\/magnifi-science.com\/wp-content\/uploads\/2025\/11\/Hydralift-n\u00b04_packshot_portrait-scaled.jpg\" \/>\n\t<meta property=\"og:image:width\" content=\"1\" \/>\n\t<meta property=\"og:image:height\" content=\"1\" \/>\n\t<meta property=\"og:image:type\" content=\"image\/jpeg\" \/>\n<meta name=\"twitter:card\" content=\"summary_large_image\" \/>\n<meta name=\"twitter:label1\" content=\"Est. reading time\" \/>\n\t<meta name=\"twitter:data1\" content=\"4 minutes\" \/>\n<script type=\"application\/ld+json\" class=\"yoast-schema-graph\">{\"@context\":\"https:\/\/schema.org\",\"@graph\":[{\"@type\":\"WebPage\",\"@id\":\"https:\/\/magnifi-science.com\/en\/shop\/hydralift-n4\/\",\"url\":\"https:\/\/magnifi-science.com\/en\/shop\/hydralift-n4\/\",\"name\":\"Hydralift N\u00b04 - Magnifiscience - Site Officiel\",\"isPartOf\":{\"@id\":\"https:\/\/magnifi-science.com\/#website\"},\"primaryImageOfPage\":{\"@id\":\"https:\/\/magnifi-science.com\/en\/shop\/hydralift-n4\/#primaryimage\"},\"image\":{\"@id\":\"https:\/\/magnifi-science.com\/en\/shop\/hydralift-n4\/#primaryimage\"},\"thumbnailUrl\":\"https:\/\/magnifi-science.com\/wp-content\/uploads\/2025\/11\/Hydralift-n\u00b04_packshot_portrait-scaled.jpg\",\"datePublished\":\"2025-11-22T00:13:11+00:00\",\"dateModified\":\"2026-04-13T04:33:31+00:00\",\"breadcrumb\":{\"@id\":\"https:\/\/magnifi-science.com\/en\/shop\/hydralift-n4\/#breadcrumb\"},\"inLanguage\":\"en-US\",\"potentialAction\":[{\"@type\":\"ReadAction\",\"target\":[\"https:\/\/magnifi-science.com\/en\/shop\/hydralift-n4\/\"]}]},{\"@type\":\"ImageObject\",\"inLanguage\":\"en-US\",\"@id\":\"https:\/\/magnifi-science.com\/en\/shop\/hydralift-n4\/#primaryimage\",\"url\":\"https:\/\/magnifi-science.com\/wp-content\/uploads\/2025\/11\/Hydralift-n\u00b04_packshot_portrait-scaled.jpg\",\"contentUrl\":\"https:\/\/magnifi-science.com\/wp-content\/uploads\/2025\/11\/Hydralift-n\u00b04_packshot_portrait-scaled.jpg\"},{\"@type\":\"BreadcrumbList\",\"@id\":\"https:\/\/magnifi-science.com\/en\/shop\/hydralift-n4\/#breadcrumb\",\"itemListElement\":[{\"@type\":\"ListItem\",\"position\":1,\"name\":\"Accueil\",\"item\":\"https:\/\/magnifi-science.com\/en\/\"},{\"@type\":\"ListItem\",\"position\":2,\"name\":\"Shop\",\"item\":\"https:\/\/magnifi-science.com\/shop-old\/\"},{\"@type\":\"ListItem\",\"position\":3,\"name\":\"Hydralift N\u00b04\"}]},{\"@type\":\"WebSite\",\"@id\":\"https:\/\/magnifi-science.com\/#website\",\"url\":\"https:\/\/magnifi-science.com\/\",\"name\":\"Magnifiscience - Site Officiel\",\"description\":\"Gamme de cosm\u00e9tiques scientifique anti-\u00e2ge, con\u00e7ue par le Professeur Didier Raoult &amp; Nina Basri\",\"publisher\":{\"@id\":\"https:\/\/magnifi-science.com\/#organization\"},\"potentialAction\":[{\"@type\":\"SearchAction\",\"target\":{\"@type\":\"EntryPoint\",\"urlTemplate\":\"https:\/\/magnifi-science.com\/?s={search_term_string}\"},\"query-input\":{\"@type\":\"PropertyValueSpecification\",\"valueRequired\":true,\"valueName\":\"search_term_string\"}}],\"inLanguage\":\"en-US\"},{\"@type\":\"Organization\",\"@id\":\"https:\/\/magnifi-science.com\/#organization\",\"name\":\"Magnifiscience\",\"url\":\"https:\/\/magnifi-science.com\/\",\"logo\":{\"@type\":\"ImageObject\",\"inLanguage\":\"en-US\",\"@id\":\"https:\/\/magnifi-science.com\/#\/schema\/logo\/image\/\",\"url\":\"https:\/\/magnifi-science.com\/wp-content\/uploads\/2024\/10\/Logo_Magnifiscience_Dark.svg\",\"contentUrl\":\"https:\/\/magnifi-science.com\/wp-content\/uploads\/2024\/10\/Logo_Magnifiscience_Dark.svg\",\"width\":\"1024\",\"height\":\"1024\",\"caption\":\"Magnifiscience\"},\"image\":{\"@id\":\"https:\/\/magnifi-science.com\/#\/schema\/logo\/image\/\"}}]}<\/script>\n<!-- \/ Yoast SEO plugin. -->","yoast_head_json":{"title":"Hydralift N\u00b04 - Magnifiscience - Site Officiel","robots":{"index":"index","follow":"follow","max-snippet":"max-snippet:-1","max-image-preview":"max-image-preview:large","max-video-preview":"max-video-preview:-1"},"canonical":"https:\/\/magnifi-science.com\/en\/shop\/hydralift-n4\/","og_locale":"en_US","og_type":"article","og_title":"Hydralift N\u00b04 - Magnifiscience - Site Officiel","og_description":"Moisturizing Cream  Lifting Face Cream  30ml \u20ac59","og_url":"https:\/\/magnifi-science.com\/en\/shop\/hydralift-n4\/","og_site_name":"Magnifiscience - Site Officiel","article_modified_time":"2026-04-13T04:33:31+00:00","og_image":[{"url":"https:\/\/magnifi-science.com\/wp-content\/uploads\/2025\/11\/Hydralift-n\u00b04_packshot_portrait-scaled.jpg","width":1,"height":1,"type":"image\/jpeg"}],"twitter_card":"summary_large_image","twitter_misc":{"Est. reading time":"4 minutes"},"schema":{"@context":"https:\/\/schema.org","@graph":[{"@type":"WebPage","@id":"https:\/\/magnifi-science.com\/en\/shop\/hydralift-n4\/","url":"https:\/\/magnifi-science.com\/en\/shop\/hydralift-n4\/","name":"Hydralift N\u00b04 - Magnifiscience - Site Officiel","isPartOf":{"@id":"https:\/\/magnifi-science.com\/#website"},"primaryImageOfPage":{"@id":"https:\/\/magnifi-science.com\/en\/shop\/hydralift-n4\/#primaryimage"},"image":{"@id":"https:\/\/magnifi-science.com\/en\/shop\/hydralift-n4\/#primaryimage"},"thumbnailUrl":"https:\/\/magnifi-science.com\/wp-content\/uploads\/2025\/11\/Hydralift-n\u00b04_packshot_portrait-scaled.jpg","datePublished":"2025-11-22T00:13:11+00:00","dateModified":"2026-04-13T04:33:31+00:00","breadcrumb":{"@id":"https:\/\/magnifi-science.com\/en\/shop\/hydralift-n4\/#breadcrumb"},"inLanguage":"en-US","potentialAction":[{"@type":"ReadAction","target":["https:\/\/magnifi-science.com\/en\/shop\/hydralift-n4\/"]}]},{"@type":"ImageObject","inLanguage":"en-US","@id":"https:\/\/magnifi-science.com\/en\/shop\/hydralift-n4\/#primaryimage","url":"https:\/\/magnifi-science.com\/wp-content\/uploads\/2025\/11\/Hydralift-n\u00b04_packshot_portrait-scaled.jpg","contentUrl":"https:\/\/magnifi-science.com\/wp-content\/uploads\/2025\/11\/Hydralift-n\u00b04_packshot_portrait-scaled.jpg"},{"@type":"BreadcrumbList","@id":"https:\/\/magnifi-science.com\/en\/shop\/hydralift-n4\/#breadcrumb","itemListElement":[{"@type":"ListItem","position":1,"name":"Accueil","item":"https:\/\/magnifi-science.com\/en\/"},{"@type":"ListItem","position":2,"name":"Shop","item":"https:\/\/magnifi-science.com\/shop-old\/"},{"@type":"ListItem","position":3,"name":"Hydralift N\u00b04"}]},{"@type":"WebSite","@id":"https:\/\/magnifi-science.com\/#website","url":"https:\/\/magnifi-science.com\/","name":"Magnifiscience - Site Officiel","description":"Gamme de cosm\u00e9tiques scientifique anti-\u00e2ge, con\u00e7ue par le Professeur Didier Raoult &amp; Nina Basri","publisher":{"@id":"https:\/\/magnifi-science.com\/#organization"},"potentialAction":[{"@type":"SearchAction","target":{"@type":"EntryPoint","urlTemplate":"https:\/\/magnifi-science.com\/?s={search_term_string}"},"query-input":{"@type":"PropertyValueSpecification","valueRequired":true,"valueName":"search_term_string"}}],"inLanguage":"en-US"},{"@type":"Organization","@id":"https:\/\/magnifi-science.com\/#organization","name":"Magnifiscience","url":"https:\/\/magnifi-science.com\/","logo":{"@type":"ImageObject","inLanguage":"en-US","@id":"https:\/\/magnifi-science.com\/#\/schema\/logo\/image\/","url":"https:\/\/magnifi-science.com\/wp-content\/uploads\/2024\/10\/Logo_Magnifiscience_Dark.svg","contentUrl":"https:\/\/magnifi-science.com\/wp-content\/uploads\/2024\/10\/Logo_Magnifiscience_Dark.svg","width":"1024","height":"1024","caption":"Magnifiscience"},"image":{"@id":"https:\/\/magnifi-science.com\/#\/schema\/logo\/image\/"}}]}},"_links":{"self":[{"href":"https:\/\/magnifi-science.com\/en\/wp-json\/wp\/v2\/product\/3792","targetHints":{"allow":["GET"]}}],"collection":[{"href":"https:\/\/magnifi-science.com\/en\/wp-json\/wp\/v2\/product"}],"about":[{"href":"https:\/\/magnifi-science.com\/en\/wp-json\/wp\/v2\/types\/product"}],"wp:featuredmedia":[{"embeddable":true,"href":"https:\/\/magnifi-science.com\/en\/wp-json\/wp\/v2\/media\/3722"}],"wp:attachment":[{"href":"https:\/\/magnifi-science.com\/en\/wp-json\/wp\/v2\/media?parent=3792"}],"wp:term":[{"taxonomy":"product_brand","embeddable":true,"href":"https:\/\/magnifi-science.com\/en\/wp-json\/wp\/v2\/product_brand?post=3792"},{"taxonomy":"product_cat","embeddable":true,"href":"https:\/\/magnifi-science.com\/en\/wp-json\/wp\/v2\/product_cat?post=3792"},{"taxonomy":"product_tag","embeddable":true,"href":"https:\/\/magnifi-science.com\/en\/wp-json\/wp\/v2\/product_tag?post=3792"}],"curies":[{"name":"wp","href":"https:\/\/api.w.org\/{rel}","templated":true}]}}