{"id":3710,"date":"2025-11-21T13:59:30","date_gmt":"2025-11-21T12:59:30","guid":{"rendered":"https:\/\/magnifi-science.com\/?post_type=product&#038;p=3710"},"modified":"2026-04-13T06:33:31","modified_gmt":"2026-04-13T04:33:31","slug":"radiance-n3","status":"publish","type":"product","link":"https:\/\/magnifi-science.com\/en\/shop\/radiance-n3\/","title":{"rendered":"RADIANCE <span style=\"color: #75c7f0;\">N\u00b03<\/span>"},"content":{"rendered":"[vc_row type=&#8221;in_container&#8221; full_screen_row_position=&#8221;middle&#8221; column_margin=&#8221;default&#8221; column_direction=&#8221;default&#8221; column_direction_tablet=&#8221;default&#8221; column_direction_phone=&#8221;default&#8221; scene_position=&#8221;center&#8221; text_color=&#8221;dark&#8221; text_align=&#8221;left&#8221; row_border_radius=&#8221;none&#8221; row_border_radius_applies=&#8221;bg&#8221; overflow=&#8221;visible&#8221; overlay_strength=&#8221;0.3&#8243; gradient_direction=&#8221;left_to_right&#8221; shape_divider_position=&#8221;bottom&#8221; bg_image_animation=&#8221;none&#8221;][vc_column column_padding=&#8221;no-extra-padding&#8221; column_padding_tablet=&#8221;inherit&#8221; column_padding_phone=&#8221;inherit&#8221; column_padding_position=&#8221;all&#8221; column_element_direction_desktop=&#8221;default&#8221; column_element_spacing=&#8221;default&#8221; desktop_text_alignment=&#8221;default&#8221; tablet_text_alignment=&#8221;default&#8221; phone_text_alignment=&#8221;default&#8221; background_color_opacity=&#8221;1&#8243; background_hover_color_opacity=&#8221;1&#8243; column_backdrop_filter=&#8221;none&#8221; column_shadow=&#8221;none&#8221; column_border_radius=&#8221;none&#8221; column_link_target=&#8221;_self&#8221; column_position=&#8221;default&#8221; gradient_direction=&#8221;left_to_right&#8221; overlay_strength=&#8221;0.3&#8243; width=&#8221;1\/1&#8243; tablet_width_inherit=&#8221;default&#8221; animation_type=&#8221;default&#8221; bg_image_animation=&#8221;none&#8221; border_type=&#8221;simple&#8221; column_border_width=&#8221;none&#8221; column_border_style=&#8221;solid&#8221;][toggles style=&#8221;minimal&#8221; accordion=&#8221;true&#8221; accordion_starting_functionality=&#8221;closed&#8221;][toggle color=&#8221;Accent-Color&#8221; heading_tag=&#8221;h4&#8243; heading_tag_functionality=&#8221;change_html_tag&#8221; title=&#8221;Learn more&#8221;][vc_column_text text_direction=&#8221;default&#8221;]\n<p><strong>Radiance <span style=\"color: #75c7f0;\">N\u00b03<\/span><\/strong> is far more than a serum \u2014 it is a cosmetological innovation born from our patented cellular regeneration technology. Designed to target the most established signs of aging, it acts at the heart of the skin to restore volume, firmness, and radiance from the very first applications, while helping preserve the skin\u2019s youth capital over time.<\/p>\n<p><strong>An Ultra-Performing Active Concentrate<\/strong><\/p>\n<p>At the center of its formula lies the DGN3 complex, an exclusive blend of Tocopherol, Collagen, Hyaluronic Acid, Cholesterol and Adenosine Triphosphate (ATP), reproducing the skin\u2019s natural mechanisms to reactivate its essential functions.<\/p>\n<ul>\n<li><strong>Adenosine Triphosphate (ATP)<\/strong>, a true cellular fuel, stimulates microcirculation, boosts cellular energy, and accelerates tissue regeneration.<\/li>\n<li><strong>Collagen<\/strong> and <strong>Hyaluronic Acid<\/strong> intensely plump the skin, restore volume, and improve elasticity.<\/li>\n<li><strong>Tocopherol<\/strong>, a powerful antioxidant, protects against external aggressions and prevents premature aging.<\/li>\n<li><strong>Cholesterol<\/strong>, a key component of the skin barrier, strengthens cell cohesion and ensures deep and long-lasting hydration.<\/li>\n<\/ul>\n<p>Thanks to this biomimetic complex, facial features become denser, the skin gains firmness, and even deep wrinkles visibly fade.<\/p>\n<p>Visible Results<\/p>\n<p>From the first applications, the skin regains comfort, suppleness, and vitality.<br \/>\nDay after day:<\/p>\n<ul>\n<li>The face looks firmer and plumper<\/li>\n<li>Contours naturally redefine<\/li>\n<li>Skin texture becomes refined and smoother<\/li>\n<li>The complexion becomes even, luminous, and youthful<\/li>\n<\/ul>\n<p>Its fine, melting texture penetrates instantly, delivering intense cellular hydration and strengthening the skin barrier over time.<\/p>\n[\/vc_column_text][\/toggle][toggle color=&#8221;Accent-Color&#8221; heading_tag=&#8221;h4&#8243; heading_tag_functionality=&#8221;change_html_tag&#8221; title=&#8221;How to use&#8221;][vc_column_text text_direction=&#8221;default&#8221;]\n<p>Apply morning and evening on perfectly cleansed and toned skin.<br \/>\nUse <strong>Radiance <span style=\"color: #75c7f0;\">N\u00b03<\/span><\/strong> alone for targeted action, or combine it with <strong><span class=\"s1\">Tonitence <\/span><span class=\"s2\" style=\"color: #94b9cc;\">N\u00b01<\/span><\/strong> or <span class=\"s1\"><strong>Tonitence <span class=\"s2\" style=\"color: #029ab2;\">N\u00b02<\/span><\/strong><\/span> treatments for optimal synergistic effectiveness.<\/p>\n<p>Its advanced formulation ensures flawless makeup hold from morning to night.<\/p>\n<h4><strong>Precautions for use<\/strong><\/h4>\n<p>Do not apply on the eye contour or mobile eyelids.<\/p>\n[\/vc_column_text][\/toggle][toggle color=&#8221;Accent-Color&#8221; heading_tag=&#8221;h4&#8243; heading_tag_functionality=&#8221;change_html_tag&#8221; title=&#8221;Active ingredients&#8221;][vc_column_text text_direction=&#8221;default&#8221;]\n<p>The key actives of our <strong>DGN3<\/strong> complex:<\/p>\n<p>The harmony of actives: a volumizing &amp; regenerating breakthrough<\/p>\n<p><strong>Radiance <span style=\"color: #75c7f0;\">N\u00b03<\/span><\/strong> is based on a biomimetic synergy of high-performance actives, selected for their ability to restore skin density, stimulate cellular energy, and optimize tissue regeneration.<br \/>\nThis unique alchemy ensures visible results while respecting the skin\u2019s physiological balance.<\/p>\n<ul>\n<li><strong>Adenosine Triphosphate (ATP)<\/strong>, a true cellular fuel, stimulates microcirculation, boosts cellular energy, and accelerates tissue regeneration.<\/li>\n<li><strong>Collagen<\/strong> and <strong>Hyaluronic Acid<\/strong> intensely plump the skin, restore volume, and improve elasticity.<\/li>\n<li><strong>Tocopherol (Vitamin E)<\/strong>, a powerful antioxidant, protects from external aggressions and prevents premature aging.<\/li>\n<li><strong>Cholesterol<\/strong>, a key component of the skin barrier, strengthens cellular cohesion and ensures deep and long-lasting hydration.<\/li>\n<\/ul>\n<p><u>A perfect alchemy<\/u><\/p>\n<p>Each active ingredient in the DGN3 complex works in synergy to amplify the serum\u2019s overall effectiveness: restored density, plumped skin, reactivated radiance.<br \/>\nThis bio-inspired synergy ensures a complete, long-lasting anti-aging action while respecting the skin\u2019s natural ecosystem.<\/p>\n<p>The harmony of actives: the promise of revitalized, luminous, visibly younger-looking skin.<\/p>\n[\/vc_column_text][\/toggle][toggle color=&#8221;Accent-Color&#8221; heading_tag=&#8221;h4&#8243; heading_tag_functionality=&#8221;change_html_tag&#8221; title=&#8221;Ingredients&#8221;][vc_column_text text_direction=&#8221;default&#8221;]\n<p>Aqua (Water), Propylene Glycol, Alcohol, Allium Cepa (Onion) Bulb Extract, Glycereth-26, Carthamus Tinctorius (Safflower) Seed Oil, Cholesterol, Parfum (Fragrance), Acetyl Tyrosine, Adenosine Triphosphate, Calcium Citrate, Collagen, Hydrolyzed Vegetable Protein, Mannose, PVP, Sodium Riboflavin Phosphate, Algin, Butylene Glycol, Citrus Limon (Lemon) Fruit Extract, Sodium Hyaluronate, Tocopherol, Glucose, Hydroxyethyl Acrylate\/Sodium Acryloyldimethyl Taurate Copolymer, Pyrus Malus (Apple) Fruit Extract, Ammonium Acryloyldimethyltaurate\/VP Copolymer, Glycine Soja (Soybean) Oil, Polysorbate 60, Sodium Chloride, Sorbitan Isostearate, Squalane, Disodium EDTA, Benzoic Acid, Dehydroacetic Acid, Potassium Sorbate, Sodium Benzoate, Citric Acid, Benzyl Alcohol, Tetramethyl Acetyloctahydronaphthalenes, Vanillin<\/p>\n[\/vc_column_text][\/toggle][\/toggles][\/vc_column][\/vc_row]\n","protected":false},"excerpt":{"rendered":"<p>Volumizing Serum<\/p>\n<p>Anti-Aging<\/p>\n<p><span style=\"taille: 22px;\">30ml<\/span> <span style=\"taille: 24px; font-weight: 600; margin-left: 25px;\">\u20ac79<\/span><\/p>\n","protected":false},"featured_media":3786,"template":"","meta":{"inline_featured_image":false},"product_brand":[],"product_cat":[27],"product_tag":[],"class_list":{"0":"post-3710","1":"product","2":"type-product","3":"status-publish","4":"has-post-thumbnail","6":"product_cat-tonitence","8":"first","9":"instock","10":"taxable","11":"shipping-taxable","12":"purchasable","13":"product-type-simple"},"yoast_head":"<!-- This site is optimized with the Yoast SEO plugin v24.3 - https:\/\/yoast.com\/wordpress\/plugins\/seo\/ -->\n<title>RADIANCE N\u00b03 - Magnifiscience - Site Officiel<\/title>\n<meta name=\"robots\" content=\"index, follow, max-snippet:-1, max-image-preview:large, max-video-preview:-1\" \/>\n<link rel=\"canonical\" href=\"https:\/\/magnifi-science.com\/en\/shop\/radiance-n3\/\" \/>\n<meta property=\"og:locale\" content=\"en_US\" \/>\n<meta property=\"og:type\" content=\"article\" \/>\n<meta property=\"og:title\" content=\"RADIANCE N\u00b03 - Magnifiscience - Site Officiel\" \/>\n<meta property=\"og:description\" content=\"Volumizing Serum  Anti-Aging  30ml \u20ac79\" \/>\n<meta property=\"og:url\" content=\"https:\/\/magnifi-science.com\/en\/shop\/radiance-n3\/\" \/>\n<meta property=\"og:site_name\" content=\"Magnifiscience - Site Officiel\" \/>\n<meta property=\"article:modified_time\" content=\"2026-04-13T04:33:31+00:00\" \/>\n<meta property=\"og:image\" content=\"https:\/\/magnifi-science.com\/wp-content\/uploads\/2025\/11\/Radiance-n\u00b03_packshot_portrait-1-scaled.jpg\" \/>\n\t<meta property=\"og:image:width\" content=\"1\" \/>\n\t<meta property=\"og:image:height\" content=\"1\" \/>\n\t<meta property=\"og:image:type\" content=\"image\/jpeg\" \/>\n<meta name=\"twitter:card\" content=\"summary_large_image\" \/>\n<meta name=\"twitter:label1\" content=\"Est. reading time\" \/>\n\t<meta name=\"twitter:data1\" content=\"4 minutes\" \/>\n<script type=\"application\/ld+json\" class=\"yoast-schema-graph\">{\"@context\":\"https:\/\/schema.org\",\"@graph\":[{\"@type\":\"WebPage\",\"@id\":\"https:\/\/magnifi-science.com\/en\/shop\/radiance-n3\/\",\"url\":\"https:\/\/magnifi-science.com\/en\/shop\/radiance-n3\/\",\"name\":\"RADIANCE N\u00b03 - Magnifiscience - Site Officiel\",\"isPartOf\":{\"@id\":\"https:\/\/magnifi-science.com\/#website\"},\"primaryImageOfPage\":{\"@id\":\"https:\/\/magnifi-science.com\/en\/shop\/radiance-n3\/#primaryimage\"},\"image\":{\"@id\":\"https:\/\/magnifi-science.com\/en\/shop\/radiance-n3\/#primaryimage\"},\"thumbnailUrl\":\"https:\/\/magnifi-science.com\/wp-content\/uploads\/2025\/11\/Radiance-n\u00b03_packshot_portrait-1-scaled.jpg\",\"datePublished\":\"2025-11-21T12:59:30+00:00\",\"dateModified\":\"2026-04-13T04:33:31+00:00\",\"breadcrumb\":{\"@id\":\"https:\/\/magnifi-science.com\/en\/shop\/radiance-n3\/#breadcrumb\"},\"inLanguage\":\"en-US\",\"potentialAction\":[{\"@type\":\"ReadAction\",\"target\":[\"https:\/\/magnifi-science.com\/en\/shop\/radiance-n3\/\"]}]},{\"@type\":\"ImageObject\",\"inLanguage\":\"en-US\",\"@id\":\"https:\/\/magnifi-science.com\/en\/shop\/radiance-n3\/#primaryimage\",\"url\":\"https:\/\/magnifi-science.com\/wp-content\/uploads\/2025\/11\/Radiance-n\u00b03_packshot_portrait-1-scaled.jpg\",\"contentUrl\":\"https:\/\/magnifi-science.com\/wp-content\/uploads\/2025\/11\/Radiance-n\u00b03_packshot_portrait-1-scaled.jpg\"},{\"@type\":\"BreadcrumbList\",\"@id\":\"https:\/\/magnifi-science.com\/en\/shop\/radiance-n3\/#breadcrumb\",\"itemListElement\":[{\"@type\":\"ListItem\",\"position\":1,\"name\":\"Accueil\",\"item\":\"https:\/\/magnifi-science.com\/en\/\"},{\"@type\":\"ListItem\",\"position\":2,\"name\":\"Shop\",\"item\":\"https:\/\/magnifi-science.com\/shop-old\/\"},{\"@type\":\"ListItem\",\"position\":3,\"name\":\"RADIANCE N\u00b03\"}]},{\"@type\":\"WebSite\",\"@id\":\"https:\/\/magnifi-science.com\/#website\",\"url\":\"https:\/\/magnifi-science.com\/\",\"name\":\"Magnifiscience - Site Officiel\",\"description\":\"Gamme de cosm\u00e9tiques scientifique anti-\u00e2ge, con\u00e7ue par le Professeur Didier Raoult &amp; Nina Basri\",\"publisher\":{\"@id\":\"https:\/\/magnifi-science.com\/#organization\"},\"potentialAction\":[{\"@type\":\"SearchAction\",\"target\":{\"@type\":\"EntryPoint\",\"urlTemplate\":\"https:\/\/magnifi-science.com\/?s={search_term_string}\"},\"query-input\":{\"@type\":\"PropertyValueSpecification\",\"valueRequired\":true,\"valueName\":\"search_term_string\"}}],\"inLanguage\":\"en-US\"},{\"@type\":\"Organization\",\"@id\":\"https:\/\/magnifi-science.com\/#organization\",\"name\":\"Magnifiscience\",\"url\":\"https:\/\/magnifi-science.com\/\",\"logo\":{\"@type\":\"ImageObject\",\"inLanguage\":\"en-US\",\"@id\":\"https:\/\/magnifi-science.com\/#\/schema\/logo\/image\/\",\"url\":\"https:\/\/magnifi-science.com\/wp-content\/uploads\/2024\/10\/Logo_Magnifiscience_Dark.svg\",\"contentUrl\":\"https:\/\/magnifi-science.com\/wp-content\/uploads\/2024\/10\/Logo_Magnifiscience_Dark.svg\",\"width\":\"1024\",\"height\":\"1024\",\"caption\":\"Magnifiscience\"},\"image\":{\"@id\":\"https:\/\/magnifi-science.com\/#\/schema\/logo\/image\/\"}}]}<\/script>\n<!-- \/ Yoast SEO plugin. -->","yoast_head_json":{"title":"RADIANCE N\u00b03 - Magnifiscience - Site Officiel","robots":{"index":"index","follow":"follow","max-snippet":"max-snippet:-1","max-image-preview":"max-image-preview:large","max-video-preview":"max-video-preview:-1"},"canonical":"https:\/\/magnifi-science.com\/en\/shop\/radiance-n3\/","og_locale":"en_US","og_type":"article","og_title":"RADIANCE N\u00b03 - Magnifiscience - Site Officiel","og_description":"Volumizing Serum  Anti-Aging  30ml \u20ac79","og_url":"https:\/\/magnifi-science.com\/en\/shop\/radiance-n3\/","og_site_name":"Magnifiscience - Site Officiel","article_modified_time":"2026-04-13T04:33:31+00:00","og_image":[{"url":"https:\/\/magnifi-science.com\/wp-content\/uploads\/2025\/11\/Radiance-n\u00b03_packshot_portrait-1-scaled.jpg","width":1,"height":1,"type":"image\/jpeg"}],"twitter_card":"summary_large_image","twitter_misc":{"Est. reading time":"4 minutes"},"schema":{"@context":"https:\/\/schema.org","@graph":[{"@type":"WebPage","@id":"https:\/\/magnifi-science.com\/en\/shop\/radiance-n3\/","url":"https:\/\/magnifi-science.com\/en\/shop\/radiance-n3\/","name":"RADIANCE N\u00b03 - Magnifiscience - Site Officiel","isPartOf":{"@id":"https:\/\/magnifi-science.com\/#website"},"primaryImageOfPage":{"@id":"https:\/\/magnifi-science.com\/en\/shop\/radiance-n3\/#primaryimage"},"image":{"@id":"https:\/\/magnifi-science.com\/en\/shop\/radiance-n3\/#primaryimage"},"thumbnailUrl":"https:\/\/magnifi-science.com\/wp-content\/uploads\/2025\/11\/Radiance-n\u00b03_packshot_portrait-1-scaled.jpg","datePublished":"2025-11-21T12:59:30+00:00","dateModified":"2026-04-13T04:33:31+00:00","breadcrumb":{"@id":"https:\/\/magnifi-science.com\/en\/shop\/radiance-n3\/#breadcrumb"},"inLanguage":"en-US","potentialAction":[{"@type":"ReadAction","target":["https:\/\/magnifi-science.com\/en\/shop\/radiance-n3\/"]}]},{"@type":"ImageObject","inLanguage":"en-US","@id":"https:\/\/magnifi-science.com\/en\/shop\/radiance-n3\/#primaryimage","url":"https:\/\/magnifi-science.com\/wp-content\/uploads\/2025\/11\/Radiance-n\u00b03_packshot_portrait-1-scaled.jpg","contentUrl":"https:\/\/magnifi-science.com\/wp-content\/uploads\/2025\/11\/Radiance-n\u00b03_packshot_portrait-1-scaled.jpg"},{"@type":"BreadcrumbList","@id":"https:\/\/magnifi-science.com\/en\/shop\/radiance-n3\/#breadcrumb","itemListElement":[{"@type":"ListItem","position":1,"name":"Accueil","item":"https:\/\/magnifi-science.com\/en\/"},{"@type":"ListItem","position":2,"name":"Shop","item":"https:\/\/magnifi-science.com\/shop-old\/"},{"@type":"ListItem","position":3,"name":"RADIANCE N\u00b03"}]},{"@type":"WebSite","@id":"https:\/\/magnifi-science.com\/#website","url":"https:\/\/magnifi-science.com\/","name":"Magnifiscience - Site Officiel","description":"Gamme de cosm\u00e9tiques scientifique anti-\u00e2ge, con\u00e7ue par le Professeur Didier Raoult &amp; Nina Basri","publisher":{"@id":"https:\/\/magnifi-science.com\/#organization"},"potentialAction":[{"@type":"SearchAction","target":{"@type":"EntryPoint","urlTemplate":"https:\/\/magnifi-science.com\/?s={search_term_string}"},"query-input":{"@type":"PropertyValueSpecification","valueRequired":true,"valueName":"search_term_string"}}],"inLanguage":"en-US"},{"@type":"Organization","@id":"https:\/\/magnifi-science.com\/#organization","name":"Magnifiscience","url":"https:\/\/magnifi-science.com\/","logo":{"@type":"ImageObject","inLanguage":"en-US","@id":"https:\/\/magnifi-science.com\/#\/schema\/logo\/image\/","url":"https:\/\/magnifi-science.com\/wp-content\/uploads\/2024\/10\/Logo_Magnifiscience_Dark.svg","contentUrl":"https:\/\/magnifi-science.com\/wp-content\/uploads\/2024\/10\/Logo_Magnifiscience_Dark.svg","width":"1024","height":"1024","caption":"Magnifiscience"},"image":{"@id":"https:\/\/magnifi-science.com\/#\/schema\/logo\/image\/"}}]}},"_links":{"self":[{"href":"https:\/\/magnifi-science.com\/en\/wp-json\/wp\/v2\/product\/3710","targetHints":{"allow":["GET"]}}],"collection":[{"href":"https:\/\/magnifi-science.com\/en\/wp-json\/wp\/v2\/product"}],"about":[{"href":"https:\/\/magnifi-science.com\/en\/wp-json\/wp\/v2\/types\/product"}],"wp:featuredmedia":[{"embeddable":true,"href":"https:\/\/magnifi-science.com\/en\/wp-json\/wp\/v2\/media\/3786"}],"wp:attachment":[{"href":"https:\/\/magnifi-science.com\/en\/wp-json\/wp\/v2\/media?parent=3710"}],"wp:term":[{"taxonomy":"product_brand","embeddable":true,"href":"https:\/\/magnifi-science.com\/en\/wp-json\/wp\/v2\/product_brand?post=3710"},{"taxonomy":"product_cat","embeddable":true,"href":"https:\/\/magnifi-science.com\/en\/wp-json\/wp\/v2\/product_cat?post=3710"},{"taxonomy":"product_tag","embeddable":true,"href":"https:\/\/magnifi-science.com\/en\/wp-json\/wp\/v2\/product_tag?post=3710"}],"curies":[{"name":"wp","href":"https:\/\/api.w.org\/{rel}","templated":true}]}}