{"id":464,"date":"2024-10-30T00:02:06","date_gmt":"2024-10-29T23:02:06","guid":{"rendered":"https:\/\/magnifi-science.com\/terms-of-use\/"},"modified":"2024-11-25T02:01:07","modified_gmt":"2024-11-25T01:01:07","slug":"terms-of-use","status":"publish","type":"page","link":"https:\/\/magnifi-science.com\/en\/terms-of-use\/","title":{"rendered":"Terms of use"},"content":{"rendered":"[vc_row type=&#8221;in_container&#8221; full_screen_row_position=&#8221;middle&#8221; column_margin=&#8221;default&#8221; column_direction=&#8221;default&#8221; column_direction_tablet=&#8221;default&#8221; column_direction_phone=&#8221;default&#8221; scene_position=&#8221;center&#8221; text_color=&#8221;dark&#8221; text_align=&#8221;left&#8221; row_border_radius=&#8221;none&#8221; row_border_radius_applies=&#8221;bg&#8221; overflow=&#8221;visible&#8221; overlay_strength=&#8221;0.3&#8243; gradient_direction=&#8221;left_to_right&#8221; shape_divider_position=&#8221;bottom&#8221; bg_image_animation=&#8221;none&#8221;][vc_column column_padding=&#8221;no-extra-padding&#8221; column_padding_tablet=&#8221;inherit&#8221; column_padding_phone=&#8221;inherit&#8221; column_padding_position=&#8221;all&#8221; column_element_direction_desktop=&#8221;default&#8221; column_element_spacing=&#8221;default&#8221; desktop_text_alignment=&#8221;default&#8221; tablet_text_alignment=&#8221;default&#8221; phone_text_alignment=&#8221;default&#8221; background_color_opacity=&#8221;1&#8243; background_hover_color_opacity=&#8221;1&#8243; column_backdrop_filter=&#8221;none&#8221; column_shadow=&#8221;none&#8221; column_border_radius=&#8221;none&#8221; column_link_target=&#8221;_self&#8221; column_position=&#8221;default&#8221; gradient_direction=&#8221;left_to_right&#8221; overlay_strength=&#8221;0.3&#8243; width=&#8221;1\/1&#8243; tablet_width_inherit=&#8221;default&#8221; animation_type=&#8221;default&#8221; bg_image_animation=&#8221;none&#8221; border_type=&#8221;simple&#8221; column_border_width=&#8221;none&#8221; column_border_style=&#8221;solid&#8221;][vc_column_text text_direction=&#8221;default&#8221;]\n<h1>Terms of use<\/h1>\n<p>D\u00e9nomination\u00a0: MAGNIFISCIENCE<br\/>Adresse\u00a0: MAGNIFISCIENCE, 10 PL VENDOME 75001 PARIS<br\/>SIREN 499 188 050<br\/>SIRET (si\u00e8ge) 93290640700014<br\/>Activit\u00e9 (Code NAF ou APE) Fabrication de parfums et de parfumerie et de produit pour la toilette (2042Z)<br\/>Forme juridique SAS Soci\u00e9t\u00e9 par actions simplifi\u00e9e<p>Directeur de la publication : Nina Basri<p>H\u00e9bergeur OVH<p>RCS Lille M\u00e9tropole 424 761 419 00045<br\/>Si\u00e8ge social : 2 rue Kellermann \u2013 59100 Roubaix \u2013 France<p>&nbsp;<\/p>\n[\/vc_column_text][\/vc_column][\/vc_row]","protected":false},"excerpt":{"rendered":"<p>[vc_row type=&#8221;in_container&#8221; full_screen_row_position=&#8221;middle&#8221; column_margin=&#8221;default&#8221; column_direction=&#8221;default&#8221; column_direction_tablet=&#8221;default&#8221; column_direction_phone=&#8221;default&#8221; scene_position=&#8221;center&#8221; text_color=&#8221;dark&#8221; text_align=&#8221;left&#8221; row_border_radius=&#8221;none&#8221; row_border_radius_applies=&#8221;bg&#8221; overflow=&#8221;visible&#8221; overlay_strength=&#8221;0.3&#8243; gradient_direction=&#8221;left_to_right&#8221; shape_divider_position=&#8221;bottom&#8221; bg_image_animation=&#8221;none&#8221;][vc_column column_padding=&#8221;no-extra-padding&#8221; column_padding_tablet=&#8221;inherit&#8221; column_padding_phone=&#8221;inherit&#8221; column_padding_position=&#8221;all&#8221; column_element_direction_desktop=&#8221;default&#8221; column_element_spacing=&#8221;default&#8221; desktop_text_alignment=&#8221;default&#8221; tablet_text_alignment=&#8221;default&#8221; phone_text_alignment=&#8221;default&#8221; background_color_opacity=&#8221;1&#8243; background_hover_color_opacity=&#8221;1&#8243; column_backdrop_filter=&#8221;none&#8221; column_shadow=&#8221;none&#8221;&#8230;<\/p>\n","protected":false},"author":2,"featured_media":0,"parent":0,"menu_order":0,"comment_status":"closed","ping_status":"closed","template":"","meta":{"inline_featured_image":false,"footnotes":""},"class_list":["post-464","page","type-page","status-publish"],"yoast_head":"<!-- This site is optimized with the Yoast SEO plugin v24.3 - https:\/\/yoast.com\/wordpress\/plugins\/seo\/ -->\n<title>Terms of use - Magnifiscience - Site Officiel<\/title>\n<meta name=\"robots\" content=\"index, follow, max-snippet:-1, max-image-preview:large, max-video-preview:-1\" \/>\n<link rel=\"canonical\" href=\"https:\/\/magnifi-science.com\/mentions-legales\/\" \/>\n<meta property=\"og:locale\" content=\"en_US\" \/>\n<meta property=\"og:type\" content=\"article\" \/>\n<meta property=\"og:title\" content=\"Terms of use - Magnifiscience - Site Officiel\" \/>\n<meta property=\"og:description\" content=\"[vc_row type=&#8221;in_container&#8221; full_screen_row_position=&#8221;middle&#8221; column_margin=&#8221;default&#8221; column_direction=&#8221;default&#8221; column_direction_tablet=&#8221;default&#8221; column_direction_phone=&#8221;default&#8221; scene_position=&#8221;center&#8221; text_color=&#8221;dark&#8221; text_align=&#8221;left&#8221; row_border_radius=&#8221;none&#8221; row_border_radius_applies=&#8221;bg&#8221; overflow=&#8221;visible&#8221; overlay_strength=&#8221;0.3&#8243; gradient_direction=&#8221;left_to_right&#8221; shape_divider_position=&#8221;bottom&#8221; bg_image_animation=&#8221;none&#8221;][vc_column column_padding=&#8221;no-extra-padding&#8221; column_padding_tablet=&#8221;inherit&#8221; column_padding_phone=&#8221;inherit&#8221; column_padding_position=&#8221;all&#8221; column_element_direction_desktop=&#8221;default&#8221; column_element_spacing=&#8221;default&#8221; desktop_text_alignment=&#8221;default&#8221; tablet_text_alignment=&#8221;default&#8221; phone_text_alignment=&#8221;default&#8221; background_color_opacity=&#8221;1&#8243; background_hover_color_opacity=&#8221;1&#8243; column_backdrop_filter=&#8221;none&#8221; column_shadow=&#8221;none&#8221;...\" \/>\n<meta property=\"og:url\" content=\"https:\/\/magnifi-science.com\/mentions-legales\/\" \/>\n<meta property=\"og:site_name\" content=\"Magnifiscience - Site Officiel\" \/>\n<meta property=\"article:modified_time\" content=\"2024-11-25T01:01:07+00:00\" \/>\n<meta name=\"twitter:card\" content=\"summary_large_image\" \/>\n<meta name=\"twitter:label1\" content=\"Est. reading time\" \/>\n\t<meta name=\"twitter:data1\" content=\"1 minute\" \/>\n<script type=\"application\/ld+json\" class=\"yoast-schema-graph\">{\"@context\":\"https:\/\/schema.org\",\"@graph\":[{\"@type\":\"WebPage\",\"@id\":\"https:\/\/magnifi-science.com\/mentions-legales\/\",\"url\":\"https:\/\/magnifi-science.com\/mentions-legales\/\",\"name\":\"Terms of use - Magnifiscience - Site Officiel\",\"isPartOf\":{\"@id\":\"https:\/\/magnifi-science.com\/#website\"},\"datePublished\":\"2024-10-29T23:02:06+00:00\",\"dateModified\":\"2024-11-25T01:01:07+00:00\",\"breadcrumb\":{\"@id\":\"https:\/\/magnifi-science.com\/mentions-legales\/#breadcrumb\"},\"inLanguage\":\"en-US\",\"potentialAction\":[{\"@type\":\"ReadAction\",\"target\":[\"https:\/\/magnifi-science.com\/mentions-legales\/\"]}]},{\"@type\":\"BreadcrumbList\",\"@id\":\"https:\/\/magnifi-science.com\/mentions-legales\/#breadcrumb\",\"itemListElement\":[{\"@type\":\"ListItem\",\"position\":1,\"name\":\"Accueil\",\"item\":\"https:\/\/magnifi-science.com\/en\/\"},{\"@type\":\"ListItem\",\"position\":2,\"name\":\"Terms of use\"}]},{\"@type\":\"WebSite\",\"@id\":\"https:\/\/magnifi-science.com\/#website\",\"url\":\"https:\/\/magnifi-science.com\/\",\"name\":\"Magnifiscience - Site Officiel\",\"description\":\"Gamme de cosm\u00e9tiques scientifique anti-\u00e2ge, con\u00e7ue par le Professeur Didier Raoult &amp; Nina Basri\",\"publisher\":{\"@id\":\"https:\/\/magnifi-science.com\/#organization\"},\"potentialAction\":[{\"@type\":\"SearchAction\",\"target\":{\"@type\":\"EntryPoint\",\"urlTemplate\":\"https:\/\/magnifi-science.com\/?s={search_term_string}\"},\"query-input\":{\"@type\":\"PropertyValueSpecification\",\"valueRequired\":true,\"valueName\":\"search_term_string\"}}],\"inLanguage\":\"en-US\"},{\"@type\":\"Organization\",\"@id\":\"https:\/\/magnifi-science.com\/#organization\",\"name\":\"Magnifiscience\",\"url\":\"https:\/\/magnifi-science.com\/\",\"logo\":{\"@type\":\"ImageObject\",\"inLanguage\":\"en-US\",\"@id\":\"https:\/\/magnifi-science.com\/#\/schema\/logo\/image\/\",\"url\":\"https:\/\/magnifi-science.com\/wp-content\/uploads\/2024\/10\/Logo_Magnifiscience_Dark.svg\",\"contentUrl\":\"https:\/\/magnifi-science.com\/wp-content\/uploads\/2024\/10\/Logo_Magnifiscience_Dark.svg\",\"width\":\"1024\",\"height\":\"1024\",\"caption\":\"Magnifiscience\"},\"image\":{\"@id\":\"https:\/\/magnifi-science.com\/#\/schema\/logo\/image\/\"}}]}<\/script>\n<!-- \/ Yoast SEO plugin. -->","yoast_head_json":{"title":"Terms of use - Magnifiscience - Site Officiel","robots":{"index":"index","follow":"follow","max-snippet":"max-snippet:-1","max-image-preview":"max-image-preview:large","max-video-preview":"max-video-preview:-1"},"canonical":"https:\/\/magnifi-science.com\/mentions-legales\/","og_locale":"en_US","og_type":"article","og_title":"Terms of use - Magnifiscience - Site Officiel","og_description":"[vc_row type=&#8221;in_container&#8221; full_screen_row_position=&#8221;middle&#8221; column_margin=&#8221;default&#8221; column_direction=&#8221;default&#8221; column_direction_tablet=&#8221;default&#8221; column_direction_phone=&#8221;default&#8221; scene_position=&#8221;center&#8221; text_color=&#8221;dark&#8221; text_align=&#8221;left&#8221; row_border_radius=&#8221;none&#8221; row_border_radius_applies=&#8221;bg&#8221; overflow=&#8221;visible&#8221; overlay_strength=&#8221;0.3&#8243; gradient_direction=&#8221;left_to_right&#8221; shape_divider_position=&#8221;bottom&#8221; bg_image_animation=&#8221;none&#8221;][vc_column column_padding=&#8221;no-extra-padding&#8221; column_padding_tablet=&#8221;inherit&#8221; column_padding_phone=&#8221;inherit&#8221; column_padding_position=&#8221;all&#8221; column_element_direction_desktop=&#8221;default&#8221; column_element_spacing=&#8221;default&#8221; desktop_text_alignment=&#8221;default&#8221; tablet_text_alignment=&#8221;default&#8221; phone_text_alignment=&#8221;default&#8221; background_color_opacity=&#8221;1&#8243; background_hover_color_opacity=&#8221;1&#8243; column_backdrop_filter=&#8221;none&#8221; column_shadow=&#8221;none&#8221;...","og_url":"https:\/\/magnifi-science.com\/mentions-legales\/","og_site_name":"Magnifiscience - Site Officiel","article_modified_time":"2024-11-25T01:01:07+00:00","twitter_card":"summary_large_image","twitter_misc":{"Est. reading time":"1 minute"},"schema":{"@context":"https:\/\/schema.org","@graph":[{"@type":"WebPage","@id":"https:\/\/magnifi-science.com\/mentions-legales\/","url":"https:\/\/magnifi-science.com\/mentions-legales\/","name":"Terms of use - Magnifiscience - Site Officiel","isPartOf":{"@id":"https:\/\/magnifi-science.com\/#website"},"datePublished":"2024-10-29T23:02:06+00:00","dateModified":"2024-11-25T01:01:07+00:00","breadcrumb":{"@id":"https:\/\/magnifi-science.com\/mentions-legales\/#breadcrumb"},"inLanguage":"en-US","potentialAction":[{"@type":"ReadAction","target":["https:\/\/magnifi-science.com\/mentions-legales\/"]}]},{"@type":"BreadcrumbList","@id":"https:\/\/magnifi-science.com\/mentions-legales\/#breadcrumb","itemListElement":[{"@type":"ListItem","position":1,"name":"Accueil","item":"https:\/\/magnifi-science.com\/en\/"},{"@type":"ListItem","position":2,"name":"Terms of use"}]},{"@type":"WebSite","@id":"https:\/\/magnifi-science.com\/#website","url":"https:\/\/magnifi-science.com\/","name":"Magnifiscience - Site Officiel","description":"Gamme de cosm\u00e9tiques scientifique anti-\u00e2ge, con\u00e7ue par le Professeur Didier Raoult &amp; Nina Basri","publisher":{"@id":"https:\/\/magnifi-science.com\/#organization"},"potentialAction":[{"@type":"SearchAction","target":{"@type":"EntryPoint","urlTemplate":"https:\/\/magnifi-science.com\/?s={search_term_string}"},"query-input":{"@type":"PropertyValueSpecification","valueRequired":true,"valueName":"search_term_string"}}],"inLanguage":"en-US"},{"@type":"Organization","@id":"https:\/\/magnifi-science.com\/#organization","name":"Magnifiscience","url":"https:\/\/magnifi-science.com\/","logo":{"@type":"ImageObject","inLanguage":"en-US","@id":"https:\/\/magnifi-science.com\/#\/schema\/logo\/image\/","url":"https:\/\/magnifi-science.com\/wp-content\/uploads\/2024\/10\/Logo_Magnifiscience_Dark.svg","contentUrl":"https:\/\/magnifi-science.com\/wp-content\/uploads\/2024\/10\/Logo_Magnifiscience_Dark.svg","width":"1024","height":"1024","caption":"Magnifiscience"},"image":{"@id":"https:\/\/magnifi-science.com\/#\/schema\/logo\/image\/"}}]}},"_links":{"self":[{"href":"https:\/\/magnifi-science.com\/en\/wp-json\/wp\/v2\/pages\/464","targetHints":{"allow":["GET"]}}],"collection":[{"href":"https:\/\/magnifi-science.com\/en\/wp-json\/wp\/v2\/pages"}],"about":[{"href":"https:\/\/magnifi-science.com\/en\/wp-json\/wp\/v2\/types\/page"}],"author":[{"embeddable":true,"href":"https:\/\/magnifi-science.com\/en\/wp-json\/wp\/v2\/users\/2"}],"replies":[{"embeddable":true,"href":"https:\/\/magnifi-science.com\/en\/wp-json\/wp\/v2\/comments?post=464"}],"version-history":[{"count":1,"href":"https:\/\/magnifi-science.com\/en\/wp-json\/wp\/v2\/pages\/464\/revisions"}],"predecessor-version":[{"id":465,"href":"https:\/\/magnifi-science.com\/en\/wp-json\/wp\/v2\/pages\/464\/revisions\/465"}],"wp:attachment":[{"href":"https:\/\/magnifi-science.com\/en\/wp-json\/wp\/v2\/media?parent=464"}],"curies":[{"name":"wp","href":"https:\/\/api.w.org\/{rel}","templated":true}]}}