{"id":448,"date":"2024-10-30T23:41:51","date_gmt":"2024-10-30T22:41:51","guid":{"rendered":"https:\/\/magnifi-science.com\/cart\/"},"modified":"2024-11-25T23:32:45","modified_gmt":"2024-11-25T22:32:45","slug":"cart","status":"publish","type":"page","link":"https:\/\/magnifi-science.com\/en\/cart\/","title":{"rendered":"Basket"},"content":{"rendered":"<div data-block-name=\"woocommerce\/cart\" class=\"wp-block-woocommerce-cart alignwide is-loading\"><div data-block-name=\"woocommerce\/filled-cart-block\" class=\"wp-block-woocommerce-filled-cart-block\"><div data-block-name=\"woocommerce\/cart-items-block\" class=\"wp-block-woocommerce-cart-items-block\"><div data-block-name=\"woocommerce\/cart-line-items-block\" class=\"wp-block-woocommerce-cart-line-items-block\"><\/div>\n\n<div data-block-name=\"woocommerce\/cart-cross-sells-block\" class=\"wp-block-woocommerce-cart-cross-sells-block\"><h2 class=\"wp-block-heading has-large-font-size\">You may be interested in&#8230;<\/h2>\n\n<div data-block-name=\"woocommerce\/cart-cross-sells-products-block\" class=\"wp-block-woocommerce-cart-cross-sells-products-block\"><\/div><\/div><\/div>\n\n<div data-block-name=\"woocommerce\/cart-totals-block\" class=\"wp-block-woocommerce-cart-totals-block\"><div data-block-name=\"woocommerce\/cart-order-summary-block\" class=\"wp-block-woocommerce-cart-order-summary-block\"><div data-block-name=\"woocommerce\/cart-order-summary-heading-block\" class=\"wp-block-woocommerce-cart-order-summary-heading-block\"><\/div><div data-block-name=\"woocommerce\/cart-order-summary-coupon-form-block\" class=\"wp-block-woocommerce-cart-order-summary-coupon-form-block\"><\/div><div data-block-name=\"woocommerce\/cart-order-summary-totals-block\" class=\"wp-block-woocommerce-cart-order-summary-totals-block\">\n<div data-block-name=\"woocommerce\/cart-order-summary-subtotal-block\" class=\"wp-block-woocommerce-cart-order-summary-subtotal-block\"><\/div>\n<div data-block-name=\"woocommerce\/cart-order-summary-discount-block\" class=\"wp-block-woocommerce-cart-order-summary-discount-block\"><\/div>\n<div data-block-name=\"woocommerce\/cart-order-summary-fee-block\" class=\"wp-block-woocommerce-cart-order-summary-fee-block\"><\/div>\n<div data-block-name=\"woocommerce\/cart-order-summary-shipping-block\" class=\"wp-block-woocommerce-cart-order-summary-shipping-block\"><\/div>\n<div data-block-name=\"woocommerce\/cart-order-summary-taxes-block\" class=\"wp-block-woocommerce-cart-order-summary-taxes-block\"><\/div><\/div><\/div>\n\n<div data-block-name=\"woocommerce-paypal-payments\/cart-paylater-messages\" data-pp-placement=\"cart\" data-pp-style-layout=\"text\" data-pp-style-logo-position=\"left\" data-pp-style-logo-type=\"inline\" data-pp-style-text-color=\"black\" data-pp-style-text-size=\"12\" id=\"ppcp-cart-paylater-messages\" class=\"ppcp-messages\" data-partner-attribution-id=\"Woo_PPCP\"><\/div><div data-block-name=\"woocommerce\/cart-express-payment-block\" class=\"wp-block-woocommerce-cart-express-payment-block\"><\/div>\n\n<div data-block-name=\"woocommerce\/proceed-to-checkout-block\" class=\"wp-block-woocommerce-proceed-to-checkout-block\"><\/div>\n\n<div data-block-name=\"woocommerce\/cart-accepted-payment-methods-block\" class=\"wp-block-woocommerce-cart-accepted-payment-methods-block\"><\/div><\/div><\/div>\n\n<div data-block-name=\"woocommerce\/empty-cart-block\" class=\"wp-block-woocommerce-empty-cart-block\"><h2 class=\"wp-block-heading has-text-align-center with-empty-cart-icon wc-block-cart__empty-cart__title\">Your cart is currently empty!<\/h2>\n\n<hr class=\"wp-block-separator has-alpha-channel-opacity is-style-dots\"\/>\n\n<h2 class=\"wp-block-heading has-text-align-center\">New in the store<\/h2>\n\n<div data-block-name=\"woocommerce\/product-new\" data-columns=\"4\" data-rows=\"1\" class=\"wc-block-grid wp-block-product-new wp-block-woocommerce-product-new wc-block-product-new has-4-columns\"><ul class=\"wc-block-grid__products\"><li class=\"wc-block-grid__product\"><span class=\"gtm4wp_productdata\" style=\"display:none; visibility:hidden;\" data-gtm4wp_product_data=\"{&quot;internal_id&quot;:3794,&quot;item_id&quot;:3794,&quot;item_name&quot;:&quot;Illuminescence &lt;span style=\\&quot;color: #842e1b;\\&quot;&gt;N\\u00b05&lt;\\\/span&gt;&quot;,&quot;sku&quot;:3794,&quot;price&quot;:69,&quot;stocklevel&quot;:1528,&quot;stockstatus&quot;:&quot;instock&quot;,&quot;google_business_vertical&quot;:&quot;retail&quot;,&quot;item_category&quot;:&quot;TONITENCE&quot;,&quot;id&quot;:3794,&quot;productlink&quot;:&quot;https:\\\/\\\/magnifi-science.com\\\/en\\\/shop\\\/illuminescence-n5\\\/&quot;,&quot;item_list_name&quot;:&quot;General Product List&quot;,&quot;index&quot;:0,&quot;product_type&quot;:&quot;simple&quot;,&quot;item_brand&quot;:&quot;&quot;}\"><\/span>\n\t\t\t\t<a href=\"https:\/\/magnifi-science.com\/en\/shop\/illuminescence-n5\/\" class=\"wc-block-grid__product-link\">\n\t\t\t\t\t\n\t\t\t\t\t<div class=\"wc-block-grid__product-image\"><img loading=\"lazy\" decoding=\"async\" width=\"300\" height=\"375\" src=\"https:\/\/magnifi-science.com\/wp-content\/uploads\/2025\/11\/Illuminescence-n\u00b05_packshot_portrait-1-300x375.jpg\" class=\"attachment-woocommerce_thumbnail size-woocommerce_thumbnail\" alt=\"Illuminescence &lt;span style=&quot;color: #842e1b;&quot;&gt;N\u00b05&lt;\/span&gt;\" srcset=\"https:\/\/magnifi-science.com\/wp-content\/uploads\/2025\/11\/Illuminescence-n\u00b05_packshot_portrait-1-300x375.jpg 300w, https:\/\/magnifi-science.com\/wp-content\/uploads\/2025\/11\/Illuminescence-n\u00b05_packshot_portrait-1-240x300.jpg 240w, https:\/\/magnifi-science.com\/wp-content\/uploads\/2025\/11\/Illuminescence-n\u00b05_packshot_portrait-1-819x1024.jpg 819w, https:\/\/magnifi-science.com\/wp-content\/uploads\/2025\/11\/Illuminescence-n\u00b05_packshot_portrait-1-768x960.jpg 768w, https:\/\/magnifi-science.com\/wp-content\/uploads\/2025\/11\/Illuminescence-n\u00b05_packshot_portrait-1-1229x1536.jpg 1229w, https:\/\/magnifi-science.com\/wp-content\/uploads\/2025\/11\/Illuminescence-n\u00b05_packshot_portrait-1-1639x2048.jpg 1639w, https:\/\/magnifi-science.com\/wp-content\/uploads\/2025\/11\/Illuminescence-n\u00b05_packshot_portrait-1-600x750.jpg 600w, https:\/\/magnifi-science.com\/wp-content\/uploads\/2025\/11\/Illuminescence-n\u00b05_packshot_portrait-1-scaled.jpg 2048w\" sizes=\"auto, (max-width: 300px) 100vw, 300px\" \/><\/div>\n\t\t\t\t\t<div class=\"wc-block-grid__product-title\">Illuminescence <span style=\"color: #842e1b\">N\u00b05<\/span><\/div>\n\t\t\t\t<\/a>\n\t\t\t\t<div class=\"wc-block-grid__product-price price\"><span class=\"woocommerce-Price-amount amount\">69,00&nbsp;<span class=\"woocommerce-Price-currencySymbol\">&euro;<\/span><\/span><\/div>\n\t\t\t\t\n\t\t\t\t<div class=\"wp-block-button wc-block-grid__product-add-to-cart\"><a href=\"?add-to-cart=3794\" aria-label=\"Add to cart: &ldquo;Illuminescence &lt;span style=&quot;color: #842e1b;&quot;&gt;N\u00b05&lt;\/span&gt;&rdquo;\" data-quantity=\"1\" data-product_id=\"3794\" data-product_sku=\"\" data-price=\"69\" rel=\"nofollow\" class=\"wp-block-button__link  add_to_cart_button ajax_add_to_cart\">Add to cart<\/a><\/div>\n\t\t\t<\/li><li class=\"wc-block-grid__product\"><span class=\"gtm4wp_productdata\" style=\"display:none; visibility:hidden;\" data-gtm4wp_product_data=\"{&quot;internal_id&quot;:3792,&quot;item_id&quot;:3792,&quot;item_name&quot;:&quot;Hydralift &lt;span style=\\&quot;color: #FF5600;\\&quot;&gt;N\\u00b04&lt;\\\/span&gt;&quot;,&quot;sku&quot;:3792,&quot;price&quot;:59,&quot;stocklevel&quot;:1397,&quot;stockstatus&quot;:&quot;instock&quot;,&quot;google_business_vertical&quot;:&quot;retail&quot;,&quot;item_category&quot;:&quot;TONITENCE&quot;,&quot;id&quot;:3792,&quot;productlink&quot;:&quot;https:\\\/\\\/magnifi-science.com\\\/en\\\/shop\\\/hydralift-n4\\\/&quot;,&quot;item_list_name&quot;:&quot;General Product List&quot;,&quot;index&quot;:0,&quot;product_type&quot;:&quot;simple&quot;,&quot;item_brand&quot;:&quot;&quot;}\"><\/span>\n\t\t\t\t<a href=\"https:\/\/magnifi-science.com\/en\/shop\/hydralift-n4\/\" class=\"wc-block-grid__product-link\">\n\t\t\t\t\t\n\t\t\t\t\t<div class=\"wc-block-grid__product-image\"><img loading=\"lazy\" decoding=\"async\" width=\"1\" height=\"1\" src=\"https:\/\/magnifi-science.com\/wp-content\/uploads\/2025\/11\/Hydralift-n\u00b04_packshot_portrait-scaled.jpg\" class=\"attachment-woocommerce_thumbnail size-woocommerce_thumbnail\" alt=\"Hydralift &lt;span style=&quot;color: #FF5600;&quot;&gt;N\u00b04&lt;\/span&gt;\" \/><\/div>\n\t\t\t\t\t<div class=\"wc-block-grid__product-title\">Hydralift <span style=\"color: #FF5600\">N\u00b04<\/span><\/div>\n\t\t\t\t<\/a>\n\t\t\t\t<div class=\"wc-block-grid__product-price price\"><span class=\"woocommerce-Price-amount amount\">59,00&nbsp;<span class=\"woocommerce-Price-currencySymbol\">&euro;<\/span><\/span><\/div>\n\t\t\t\t\n\t\t\t\t<div class=\"wp-block-button wc-block-grid__product-add-to-cart\"><a href=\"?add-to-cart=3792\" aria-label=\"Add to cart: &ldquo;Hydralift &lt;span style=&quot;color: #FF5600;&quot;&gt;N\u00b04&lt;\/span&gt;&rdquo;\" data-quantity=\"1\" data-product_id=\"3792\" data-product_sku=\"\" data-price=\"59\" rel=\"nofollow\" class=\"wp-block-button__link  add_to_cart_button ajax_add_to_cart\">Add to cart<\/a><\/div>\n\t\t\t<\/li><li class=\"wc-block-grid__product\"><span class=\"gtm4wp_productdata\" style=\"display:none; visibility:hidden;\" data-gtm4wp_product_data=\"{&quot;internal_id&quot;:3710,&quot;item_id&quot;:3710,&quot;item_name&quot;:&quot;RADIANCE &lt;span style=\\&quot;color: #75c7f0;\\&quot;&gt;N\\u00b03&lt;\\\/span&gt;&quot;,&quot;sku&quot;:3710,&quot;price&quot;:79,&quot;stocklevel&quot;:1374,&quot;stockstatus&quot;:&quot;instock&quot;,&quot;google_business_vertical&quot;:&quot;retail&quot;,&quot;item_category&quot;:&quot;TONITENCE&quot;,&quot;id&quot;:3710,&quot;productlink&quot;:&quot;https:\\\/\\\/magnifi-science.com\\\/en\\\/shop\\\/radiance-n3\\\/&quot;,&quot;item_list_name&quot;:&quot;General Product List&quot;,&quot;index&quot;:0,&quot;product_type&quot;:&quot;simple&quot;,&quot;item_brand&quot;:&quot;&quot;}\"><\/span>\n\t\t\t\t<a href=\"https:\/\/magnifi-science.com\/en\/shop\/radiance-n3\/\" class=\"wc-block-grid__product-link\">\n\t\t\t\t\t\n\t\t\t\t\t<div class=\"wc-block-grid__product-image\"><img loading=\"lazy\" decoding=\"async\" width=\"1\" height=\"1\" src=\"https:\/\/magnifi-science.com\/wp-content\/uploads\/2025\/11\/Radiance-n\u00b03_packshot_portrait-1-scaled.jpg\" class=\"attachment-woocommerce_thumbnail size-woocommerce_thumbnail\" alt=\"RADIANCE &lt;span style=&quot;color: #75c7f0;&quot;&gt;N\u00b03&lt;\/span&gt;\" \/><\/div>\n\t\t\t\t\t<div class=\"wc-block-grid__product-title\">RADIANCE <span style=\"color: #75c7f0\">N\u00b03<\/span><\/div>\n\t\t\t\t<\/a>\n\t\t\t\t<div class=\"wc-block-grid__product-price price\"><span class=\"woocommerce-Price-amount amount\">79,00&nbsp;<span class=\"woocommerce-Price-currencySymbol\">&euro;<\/span><\/span><\/div>\n\t\t\t\t\n\t\t\t\t<div class=\"wp-block-button wc-block-grid__product-add-to-cart\"><a href=\"?add-to-cart=3710\" aria-label=\"Add to cart: &ldquo;RADIANCE &lt;span style=&quot;color: #75c7f0;&quot;&gt;N\u00b03&lt;\/span&gt;&rdquo;\" data-quantity=\"1\" data-product_id=\"3710\" data-product_sku=\"\" data-price=\"79\" rel=\"nofollow\" class=\"wp-block-button__link  add_to_cart_button ajax_add_to_cart\">Add to cart<\/a><\/div>\n\t\t\t<\/li><li class=\"wc-block-grid__product\"><span class=\"gtm4wp_productdata\" style=\"display:none; visibility:hidden;\" data-gtm4wp_product_data=\"{&quot;internal_id&quot;:473,&quot;item_id&quot;:473,&quot;item_name&quot;:&quot;TONITENCE &lt;span style=\\&quot;color: #2c9bb1;\\&quot;&gt;N\\u00b02&lt;\\\/span&gt;&quot;,&quot;sku&quot;:473,&quot;price&quot;:75,&quot;stocklevel&quot;:1280,&quot;stockstatus&quot;:&quot;instock&quot;,&quot;google_business_vertical&quot;:&quot;retail&quot;,&quot;item_category&quot;:&quot;TONITENCE&quot;,&quot;id&quot;:473,&quot;productlink&quot;:&quot;https:\\\/\\\/magnifi-science.com\\\/en\\\/shop\\\/tonitence-n2\\\/&quot;,&quot;item_list_name&quot;:&quot;General Product List&quot;,&quot;index&quot;:0,&quot;product_type&quot;:&quot;simple&quot;,&quot;item_brand&quot;:&quot;&quot;}\"><\/span>\n\t\t\t\t<a href=\"https:\/\/magnifi-science.com\/en\/shop\/tonitence-n2\/\" class=\"wc-block-grid__product-link\">\n\t\t\t\t\t\n\t\t\t\t\t<div class=\"wc-block-grid__product-image\"><img loading=\"lazy\" decoding=\"async\" width=\"300\" height=\"329\" src=\"https:\/\/magnifi-science.com\/wp-content\/uploads\/2024\/11\/Magnifiscience-24-Flacon-Etui-N1-EC2-302-300x329.jpg\" class=\"attachment-woocommerce_thumbnail size-woocommerce_thumbnail\" alt=\"TONITENCE &lt;span style=&quot;color: #2c9bb1;&quot;&gt;N\u00b02&lt;\/span&gt;\" srcset=\"https:\/\/magnifi-science.com\/wp-content\/uploads\/2024\/11\/Magnifiscience-24-Flacon-Etui-N1-EC2-302-300x329.jpg 300w, https:\/\/magnifi-science.com\/wp-content\/uploads\/2024\/11\/Magnifiscience-24-Flacon-Etui-N1-EC2-302-273x300.jpg 273w, https:\/\/magnifi-science.com\/wp-content\/uploads\/2024\/11\/Magnifiscience-24-Flacon-Etui-N1-EC2-302-932x1024.jpg 932w, https:\/\/magnifi-science.com\/wp-content\/uploads\/2024\/11\/Magnifiscience-24-Flacon-Etui-N1-EC2-302-768x844.jpg 768w, https:\/\/magnifi-science.com\/wp-content\/uploads\/2024\/11\/Magnifiscience-24-Flacon-Etui-N1-EC2-302-1398x1536.jpg 1398w, https:\/\/magnifi-science.com\/wp-content\/uploads\/2024\/11\/Magnifiscience-24-Flacon-Etui-N1-EC2-302-600x659.jpg 600w, https:\/\/magnifi-science.com\/wp-content\/uploads\/2024\/11\/Magnifiscience-24-Flacon-Etui-N1-EC2-302.jpg 1434w\" sizes=\"auto, (max-width: 300px) 100vw, 300px\" \/><\/div>\n\t\t\t\t\t<div class=\"wc-block-grid__product-title\">TONITENCE <span style=\"color: #2c9bb1\">N\u00b02<\/span><\/div>\n\t\t\t\t<\/a>\n\t\t\t\t<div class=\"wc-block-grid__product-price price\"><span class=\"woocommerce-Price-amount amount\">75,00&nbsp;<span class=\"woocommerce-Price-currencySymbol\">&euro;<\/span><\/span><\/div>\n\t\t\t\t\n\t\t\t\t<div class=\"wp-block-button wc-block-grid__product-add-to-cart\"><a href=\"?add-to-cart=473\" aria-label=\"Add to cart: &ldquo;TONITENCE &lt;span style=&quot;color: #2c9bb1;&quot;&gt;N\u00b02&lt;\/span&gt;&rdquo;\" data-quantity=\"1\" data-product_id=\"473\" data-product_sku=\"\" data-price=\"75\" rel=\"nofollow\" class=\"wp-block-button__link  add_to_cart_button ajax_add_to_cart\">Add to cart<\/a><\/div>\n\t\t\t<\/li><\/ul><\/div><\/div><\/div>","protected":false},"excerpt":{"rendered":"You may be interested in... Your cart is currently empty! New in the store","protected":false},"author":1,"featured_media":0,"parent":0,"menu_order":0,"comment_status":"closed","ping_status":"closed","template":"","meta":{"inline_featured_image":false,"footnotes":""},"class_list":["post-448","page","type-page","status-publish"],"yoast_head":"<!-- This site is optimized with the Yoast SEO plugin v24.3 - https:\/\/yoast.com\/wordpress\/plugins\/seo\/ -->\n<title>Basket - Magnifiscience - Site Officiel<\/title>\n<meta name=\"robots\" content=\"index, follow, max-snippet:-1, max-image-preview:large, max-video-preview:-1\" \/>\n<link rel=\"canonical\" href=\"https:\/\/magnifi-science.com\/panier\/\" \/>\n<meta property=\"og:locale\" content=\"en_US\" \/>\n<meta property=\"og:type\" content=\"article\" \/>\n<meta property=\"og:title\" content=\"Basket - Magnifiscience - Site Officiel\" \/>\n<meta property=\"og:url\" content=\"https:\/\/magnifi-science.com\/panier\/\" \/>\n<meta property=\"og:site_name\" content=\"Magnifiscience - Site Officiel\" \/>\n<meta property=\"article:modified_time\" content=\"2024-11-25T22:32:45+00:00\" \/>\n<meta name=\"twitter:card\" content=\"summary_large_image\" \/>\n<script type=\"application\/ld+json\" class=\"yoast-schema-graph\">{\"@context\":\"https:\/\/schema.org\",\"@graph\":[{\"@type\":\"WebPage\",\"@id\":\"https:\/\/magnifi-science.com\/panier\/\",\"url\":\"https:\/\/magnifi-science.com\/panier\/\",\"name\":\"Basket - Magnifiscience - Site Officiel\",\"isPartOf\":{\"@id\":\"https:\/\/magnifi-science.com\/#website\"},\"datePublished\":\"2024-10-30T22:41:51+00:00\",\"dateModified\":\"2024-11-25T22:32:45+00:00\",\"breadcrumb\":{\"@id\":\"https:\/\/magnifi-science.com\/panier\/#breadcrumb\"},\"inLanguage\":\"en-US\",\"potentialAction\":[{\"@type\":\"ReadAction\",\"target\":[\"https:\/\/magnifi-science.com\/panier\/\"]}]},{\"@type\":\"BreadcrumbList\",\"@id\":\"https:\/\/magnifi-science.com\/panier\/#breadcrumb\",\"itemListElement\":[{\"@type\":\"ListItem\",\"position\":1,\"name\":\"Accueil\",\"item\":\"https:\/\/magnifi-science.com\/en\/\"},{\"@type\":\"ListItem\",\"position\":2,\"name\":\"Basket\"}]},{\"@type\":\"WebSite\",\"@id\":\"https:\/\/magnifi-science.com\/#website\",\"url\":\"https:\/\/magnifi-science.com\/\",\"name\":\"Magnifiscience - Site Officiel\",\"description\":\"Gamme de cosm\u00e9tiques scientifique anti-\u00e2ge, con\u00e7ue par le Professeur Didier Raoult &amp; Nina Basri\",\"publisher\":{\"@id\":\"https:\/\/magnifi-science.com\/#organization\"},\"potentialAction\":[{\"@type\":\"SearchAction\",\"target\":{\"@type\":\"EntryPoint\",\"urlTemplate\":\"https:\/\/magnifi-science.com\/?s={search_term_string}\"},\"query-input\":{\"@type\":\"PropertyValueSpecification\",\"valueRequired\":true,\"valueName\":\"search_term_string\"}}],\"inLanguage\":\"en-US\"},{\"@type\":\"Organization\",\"@id\":\"https:\/\/magnifi-science.com\/#organization\",\"name\":\"Magnifiscience\",\"url\":\"https:\/\/magnifi-science.com\/\",\"logo\":{\"@type\":\"ImageObject\",\"inLanguage\":\"en-US\",\"@id\":\"https:\/\/magnifi-science.com\/#\/schema\/logo\/image\/\",\"url\":\"https:\/\/magnifi-science.com\/wp-content\/uploads\/2024\/10\/Logo_Magnifiscience_Dark.svg\",\"contentUrl\":\"https:\/\/magnifi-science.com\/wp-content\/uploads\/2024\/10\/Logo_Magnifiscience_Dark.svg\",\"width\":\"1024\",\"height\":\"1024\",\"caption\":\"Magnifiscience\"},\"image\":{\"@id\":\"https:\/\/magnifi-science.com\/#\/schema\/logo\/image\/\"}}]}<\/script>\n<!-- \/ Yoast SEO plugin. -->","yoast_head_json":{"title":"Basket - Magnifiscience - Site Officiel","robots":{"index":"index","follow":"follow","max-snippet":"max-snippet:-1","max-image-preview":"max-image-preview:large","max-video-preview":"max-video-preview:-1"},"canonical":"https:\/\/magnifi-science.com\/panier\/","og_locale":"en_US","og_type":"article","og_title":"Basket - Magnifiscience - Site Officiel","og_url":"https:\/\/magnifi-science.com\/panier\/","og_site_name":"Magnifiscience - Site Officiel","article_modified_time":"2024-11-25T22:32:45+00:00","twitter_card":"summary_large_image","schema":{"@context":"https:\/\/schema.org","@graph":[{"@type":"WebPage","@id":"https:\/\/magnifi-science.com\/panier\/","url":"https:\/\/magnifi-science.com\/panier\/","name":"Basket - Magnifiscience - Site Officiel","isPartOf":{"@id":"https:\/\/magnifi-science.com\/#website"},"datePublished":"2024-10-30T22:41:51+00:00","dateModified":"2024-11-25T22:32:45+00:00","breadcrumb":{"@id":"https:\/\/magnifi-science.com\/panier\/#breadcrumb"},"inLanguage":"en-US","potentialAction":[{"@type":"ReadAction","target":["https:\/\/magnifi-science.com\/panier\/"]}]},{"@type":"BreadcrumbList","@id":"https:\/\/magnifi-science.com\/panier\/#breadcrumb","itemListElement":[{"@type":"ListItem","position":1,"name":"Accueil","item":"https:\/\/magnifi-science.com\/en\/"},{"@type":"ListItem","position":2,"name":"Basket"}]},{"@type":"WebSite","@id":"https:\/\/magnifi-science.com\/#website","url":"https:\/\/magnifi-science.com\/","name":"Magnifiscience - Site Officiel","description":"Gamme de cosm\u00e9tiques scientifique anti-\u00e2ge, con\u00e7ue par le Professeur Didier Raoult &amp; Nina Basri","publisher":{"@id":"https:\/\/magnifi-science.com\/#organization"},"potentialAction":[{"@type":"SearchAction","target":{"@type":"EntryPoint","urlTemplate":"https:\/\/magnifi-science.com\/?s={search_term_string}"},"query-input":{"@type":"PropertyValueSpecification","valueRequired":true,"valueName":"search_term_string"}}],"inLanguage":"en-US"},{"@type":"Organization","@id":"https:\/\/magnifi-science.com\/#organization","name":"Magnifiscience","url":"https:\/\/magnifi-science.com\/","logo":{"@type":"ImageObject","inLanguage":"en-US","@id":"https:\/\/magnifi-science.com\/#\/schema\/logo\/image\/","url":"https:\/\/magnifi-science.com\/wp-content\/uploads\/2024\/10\/Logo_Magnifiscience_Dark.svg","contentUrl":"https:\/\/magnifi-science.com\/wp-content\/uploads\/2024\/10\/Logo_Magnifiscience_Dark.svg","width":"1024","height":"1024","caption":"Magnifiscience"},"image":{"@id":"https:\/\/magnifi-science.com\/#\/schema\/logo\/image\/"}}]}},"_links":{"self":[{"href":"https:\/\/magnifi-science.com\/en\/wp-json\/wp\/v2\/pages\/448","targetHints":{"allow":["GET"]}}],"collection":[{"href":"https:\/\/magnifi-science.com\/en\/wp-json\/wp\/v2\/pages"}],"about":[{"href":"https:\/\/magnifi-science.com\/en\/wp-json\/wp\/v2\/types\/page"}],"author":[{"embeddable":true,"href":"https:\/\/magnifi-science.com\/en\/wp-json\/wp\/v2\/users\/1"}],"replies":[{"embeddable":true,"href":"https:\/\/magnifi-science.com\/en\/wp-json\/wp\/v2\/comments?post=448"}],"version-history":[{"count":4,"href":"https:\/\/magnifi-science.com\/en\/wp-json\/wp\/v2\/pages\/448\/revisions"}],"predecessor-version":[{"id":490,"href":"https:\/\/magnifi-science.com\/en\/wp-json\/wp\/v2\/pages\/448\/revisions\/490"}],"wp:attachment":[{"href":"https:\/\/magnifi-science.com\/en\/wp-json\/wp\/v2\/media?parent=448"}],"curies":[{"name":"wp","href":"https:\/\/api.w.org\/{rel}","templated":true}]}}